
{"id":21,"date":"2016-02-04T09:20:49","date_gmt":"2016-02-04T09:20:49","guid":{"rendered":"https:\/\/192.168.1.152\/c\/veggie-wp\/?page_id=21"},"modified":"2020-06-30T07:28:39","modified_gmt":"2020-06-30T07:28:39","slug":"home","status":"publish","type":"page","link":"https:\/\/foodpartner.it\/it\/","title":{"rendered":"Home"},"content":{"rendered":"<p>[vc_row full_width=&#8221;stretch_row&#8221; css=&#8221;.vc_custom_1491308933648{margin-top: -110px !important;margin-right: 0px !important;margin-bottom: 0px !important;margin-left: 0px !important;padding-top: 0px !important;padding-right: 0px !important;padding-bottom: 0px !important;padding-left: 0px !important;}&#8221; el_class=&#8221;homepage-slider-v1&#8243;][vc_column offset=&#8221;vc_col-xs-12&#8243;][\/vc_column][\/vc_row][vc_row el_class=&#8221;content-1&#8243;][vc_column width=&#8221;1\/2&#8243; el_class=&#8221;image-banner-2 animated fadeInUp&#8221; offset=&#8221;vc_col-xs-12&#8243;][vc_single_image image=&#8221;4927&#8243; img_size=&#8221;full&#8221; alignment=&#8221;center&#8221; css_animation=&#8221;fadeInUp&#8221;][\/vc_column][vc_column width=&#8221;1\/2&#8243; el_class=&#8221;content-block&#8221; offset=&#8221;vc_col-lg-offset-0&#8243;]<div class=\"ult-animation  ult-animate-viewport  ult-no-mobile \" data-animate=\"fadeInUp\" data-animation-delay=\"0\" data-animation-duration=\"2\" data-animation-iteration=\"1\" style=\"opacity:0;\" data-opacity_start_effect=\"\"><div id=\"ultimate-heading-800569e5961a33aaa\" class=\"uvc-heading ult-adjust-bottom-margin ultimate-heading-800569e5961a33aaa uvc-7567 vc_custom_heading-v1\" data-hspacer=\"no_spacer\"  data-halign=\"left\" style=\"text-align:left\"><div class=\"uvc-heading-spacer no_spacer\" style=\"top\"><\/div><div class=\"uvc-main-heading ult-responsive\"  data-ultimate-target='.uvc-heading.ultimate-heading-800569e5961a33aaa h2'  data-responsive-json-new='{\"font-size\":\"desktop:50px;tablet_portrait:20px;\",\"line-height\":\"desktop:45px;tablet_portrait:20px;\"}' ><h2 style=\"font-family:&#039;Asap&#039;;font-weight:600;color:#353535;margin-bottom:10px;\">Un servizio<\/h2><\/div><div class=\"uvc-sub-heading ult-responsive\"  data-ultimate-target='.uvc-heading.ultimate-heading-800569e5961a33aaa .uvc-sub-heading '  data-responsive-json-new='{\"font-size\":\"desktop:70px;tablet_portrait:40px;\",\"line-height\":\"desktop:72px;tablet_portrait:65px;mobile:60px;\"}'  style=\"font-family:&#039;Asap&#039;;font-weight:700;color:#353535;\">Completo<\/div><\/div>[vc_column_text el_class=&#8221;content-home1&#8243;]I nostri servizi si rivolgono a chi vuole proporre prodotti freschi Italiani con la certezza di altissimi standard qualitativi e in pi\u00f9 il vantaggio di non gravare sulle proprie risorse interne. Quello che offriamo \u00e8 un servizio chiavi in mano e su misura per ogni tipologia di cliente: dalla grande distribuzione, alle aziende del canale food service, fino alla gastronomia specializzata. Conosciamo bene le esigenze dei diversi punti vendita e questo ci permette di proporre prodotti mirati alle necessit\u00e0 di ciascuno; sia in termini di gamma, qualit\u00e0 e prezzo, che in termini di logistica e modalit\u00e0 di consegna.[\/vc_column_text]<div class=\" ubtn-ctn-left veggie-btn-v1\"><a class=\"ubtn-link ult-adjust-bottom-margin ubtn-left ubtn-custom veggie-btn-v1\" href=\"http:\/\/foodpartner.it\/servizi\/\" title=\"Servizi\" ><button type=\"button\" id=\"ubtn-2026\"  class=\"ubtn ult-adjust-bottom-margin ult-responsive ubtn-custom ubtn-bottom-bg  none  ubtn-left   tooltip-69e5961a33b11\"  data-hover=\"#ffffff\" data-border-color=\"\" data-bg=\"#e41f1f\" data-hover-bg=\"#f44336\" data-border-hover=\"\" data-shadow-hover=\"\" data-shadow-click=\"none\" data-shadow=\"\" data-shd-shadow=\"\"  data-ultimate-target='#ubtn-2026'  data-responsive-json-new='{\"font-size\":\"desktop:14px;\",\"line-height\":\"desktop:14px;\"}'  style=\"font-family:&#039;Lato&#039;;font-weight:normal;width:px;min-height:px;padding:14px 25px;border:none;background: #e41f1f;color: #ffffff;\"><span class=\"ubtn-hover\" style=\"background-color:#f44336\"><\/span><span class=\"ubtn-data ubtn-text \" >Scopri di pi\u00f9<\/span><\/button><\/a><\/div><\/div>[\/vc_column][\/vc_row][vc_row css=&#8221;.vc_custom_1589294322620{background-color: #fafafa !important;}&#8221; el_class=&#8221;vc-image-background-v1&#8243;][vc_column width=&#8221;1\/2&#8243;]<div class=\"ult-animation  ult-animate-viewport  ult-no-mobile \" data-animate=\"fadeInRight\" data-animation-delay=\"0\" data-animation-duration=\"2\" data-animation-iteration=\"1\" style=\"opacity:0;\" data-opacity_start_effect=\"\"><div id=\"ultimate-heading-899169e5961a33bf0\" class=\"uvc-heading ult-adjust-bottom-margin ultimate-heading-899169e5961a33bf0 uvc-9030 vc_custom_heading-v1\" data-hspacer=\"no_spacer\"  data-halign=\"left\" style=\"text-align:left\"><div class=\"uvc-heading-spacer no_spacer\" style=\"top\"><\/div><div class=\"uvc-main-heading ult-responsive\"  data-ultimate-target='.uvc-heading.ultimate-heading-899169e5961a33bf0 h2'  data-responsive-json-new='{\"font-size\":\"desktop:50px;tablet_portrait:20px;\",\"line-height\":\"desktop:45px;tablet_portrait:20px;\"}' ><h2 style=\"font-family:&#039;Asap&#039;;font-weight:600;color:#353535;margin-bottom:10px;\">Solo i migliori<\/h2><\/div><div class=\"uvc-sub-heading ult-responsive\"  data-ultimate-target='.uvc-heading.ultimate-heading-899169e5961a33bf0 .uvc-sub-heading '  data-responsive-json-new='{\"font-size\":\"desktop:70px;tablet_portrait:40px;\",\"line-height\":\"desktop:72px;tablet_portrait:65px;\"}'  style=\"font-family:&#039;Asap&#039;;font-weight:700;color:#000000;\">Prodotti freschi<\/div><\/div>[vc_column_text el_class=&#8221;content-home1&#8243;]Ci occupiamo di ogni tipo di prodotto confezionato nel comparto del fresco. Tra le categorie principali che trattiamo ci sono: formaggi, salumi, piatti pronti, carni fresche, insalate lavate, pasta, gnocchi di patate, pizza, pesce fresco e marinato, olive e verdure sott\u2019olio, derivati del pane, dessert e molto altro.[\/vc_column_text][vc_single_image image=&#8221;4241&#8243; img_size=&#8221;large&#8221;]<div class=\" ubtn-ctn-left veggie-btn-v1\"><a class=\"ubtn-link ult-adjust-bottom-margin ubtn-left ubtn-custom veggie-btn-v1\" href=\"http:\/\/foodpartner.it\/test\/prodotti\/\" title=\"Prodotti\" ><button type=\"button\" id=\"ubtn-5049\"  class=\"ubtn ult-adjust-bottom-margin ult-responsive ubtn-custom ubtn-bottom-bg  none  ubtn-left   tooltip-69e5961a33c33\"  data-hover=\"#ffffff\" data-border-color=\"\" data-bg=\"#e41f1f\" data-hover-bg=\"#f44336\" data-border-hover=\"\" data-shadow-hover=\"\" data-shadow-click=\"none\" data-shadow=\"\" data-shd-shadow=\"\"  data-ultimate-target='#ubtn-5049'  data-responsive-json-new='{\"font-size\":\"desktop:14px;\",\"line-height\":\"desktop:14px;\"}'  style=\"font-family:&#039;Lato&#039;;font-weight:normal;width:px;min-height:px;padding:14px 25px;border:none;background: #e41f1f;color: #ffffff;\"><span class=\"ubtn-hover\" style=\"background-color:#f44336\"><\/span><span class=\"ubtn-data ubtn-text \" >Scopri di pi\u00f9<\/span><\/button><\/a><\/div><\/div>[\/vc_column][vc_column width=&#8221;1\/2&#8243; offset=&#8221;vc_col-lg-offset-1 vc_col-lg-5 vc_col-md-offset-1 vc_col-md-5&#8243;]<div class=\"ult-animation  ult-animate-viewport  ult-no-mobile \" data-animate=\"fadeInLeft\" data-animation-delay=\"0\" data-animation-duration=\"2\" data-animation-iteration=\"1\" style=\"opacity:0;\" data-opacity_start_effect=\"\">[vc_single_image image=&#8221;4245&#8243; img_size=&#8221;full&#8221; alignment=&#8221;center&#8221;]<\/div>[\/vc_column][\/vc_row][vc_row css=&#8221;.vc_custom_1589361450689{background-color: #ffffff !important;background-position: 0 0 !important;background-repeat: repeat !important;}&#8221; el_class=&#8221;veggie-services-section-v1&#8243;][vc_column]<div id=\"ultimate-heading-788469e5961a33cce\" class=\"uvc-heading ult-adjust-bottom-margin ultimate-heading-788469e5961a33cce uvc-1998 vc_custom_heading-v1\" data-hspacer=\"no_spacer\"  data-halign=\"center\" style=\"text-align:center\"><div class=\"uvc-heading-spacer no_spacer\" style=\"top\"><\/div><div class=\"uvc-main-heading ult-responsive\"  data-ultimate-target='.uvc-heading.ultimate-heading-788469e5961a33cce h2'  data-responsive-json-new='{\"font-size\":\"desktop:70px;tablet_portrait:40px;\",\"line-height\":\"\"}' ><h2 style=\"font-family:&#039;Asap&#039;;font-weight:600;color:#353535;margin-bottom:20px;\">Dal produttore al cliente<\/h2><\/div><\/div>[vc_row_inner][vc_column_inner width=&#8221;1\/6&#8243;][\/vc_column_inner][vc_column_inner width=&#8221;2\/3&#8243;][\/vc_column_inner][vc_column_inner width=&#8221;1\/6&#8243;][\/vc_column_inner][\/vc_row_inner][vc_row_inner css=&#8221;.vc_custom_1589366515600{padding-top: 45px !important;}&#8221;][vc_column_inner width=&#8221;1\/2&#8243; offset=&#8221;vc_col-lg-3 vc_col-md-offset-0 vc_col-md-12 vc_col-sm-offset-0 vc_col-xs-12&#8243;]<div class=\"ult-animation  ult-animate-viewport  ult-no-mobile \" data-animate=\"fadeInUp\" data-animation-delay=\"0\" data-animation-duration=\"2\" data-animation-iteration=\"1\" style=\"opacity:0;\" data-opacity_start_effect=\"\">[vc_single_image image=&#8221;4644&#8243; img_size=&#8221;full&#8221; alignment=&#8221;center&#8221;][vc_column_text]<\/p>\n<h4 style=\"text-align: center; font-family: 'Asap';\"><strong>SELEZIONIAMO<br \/>\n<\/strong><\/h4>\n<h5 style=\"text-align: center; font-family: 'Asap';\">(prodotti e produttori)<\/h5>\n<p>[\/vc_column_text]<\/div>[\/vc_column_inner][vc_column_inner width=&#8221;1\/2&#8243; offset=&#8221;vc_col-lg-3 vc_col-md-offset-0 vc_col-md-12 vc_col-sm-offset-0 vc_col-xs-12&#8243;]<div class=\"ult-animation  ult-animate-viewport  ult-no-mobile \" data-animate=\"fadeInUp\" data-animation-delay=\"0\" data-animation-duration=\"2\" data-animation-iteration=\"1\" style=\"opacity:0;\" data-opacity_start_effect=\"\">[vc_single_image image=&#8221;4650&#8243; img_size=&#8221;full&#8221; alignment=&#8221;center&#8221;][vc_column_text]<\/p>\n<h4 style=\"text-align: center; font-family: 'Asap';\"><strong>CONSOLIDIAMO<\/strong><\/h4>\n<p>[\/vc_column_text]<\/div>[\/vc_column_inner][vc_column_inner width=&#8221;1\/2&#8243; offset=&#8221;vc_col-lg-3 vc_col-md-offset-0 vc_col-md-12 vc_col-sm-offset-0 vc_col-xs-12&#8243;]<div class=\"ult-animation  ult-animate-viewport  ult-no-mobile \" data-animate=\"fadeInUp\" data-animation-delay=\"0\" data-animation-duration=\"2\" data-animation-iteration=\"1\" style=\"opacity:0;\" data-opacity_start_effect=\"\">[vc_single_image image=&#8221;4648&#8243; img_size=&#8221;full&#8221; alignment=&#8221;center&#8221;][vc_column_text]<\/p>\n<h4 style=\"text-align: center; font-family: 'Asap';\"><strong>TRASPORTIAMO<\/strong><\/h4>\n<p>[\/vc_column_text]<\/div>[\/vc_column_inner][vc_column_inner width=&#8221;1\/2&#8243; offset=&#8221;vc_col-lg-3 vc_col-md-offset-0 vc_col-md-12 vc_col-sm-offset-0 vc_col-xs-12&#8243;]<div class=\"ult-animation  ult-animate-viewport  ult-no-mobile \" data-animate=\"fadeInUp\" data-animation-delay=\"0\" data-animation-duration=\"2\" data-animation-iteration=\"1\" style=\"opacity:0;\" data-opacity_start_effect=\"\">[vc_single_image image=&#8221;4652&#8243; img_size=&#8221;full&#8221; alignment=&#8221;center&#8221;][vc_column_text]<\/p>\n<h4 style=\"text-align: center; font-family: 'Asap';\"><strong>SUPPORTIAMO<\/strong><br \/>\n<strong>LE VENDITE<\/strong><\/h4>\n<p>[\/vc_column_text]<\/div>[\/vc_column_inner][\/vc_row_inner][\/vc_column][\/vc_row][vc_row parallax=&#8221;content-moving&#8221; bg_type=&#8221;image&#8221; parallax_style=&#8221;vcpb-vz-jquery&#8221; bg_image_repeat=&#8221;no-repeat&#8221; parallax_sense=&#8221;1.5&#8243; enable_overlay=&#8221;enable_overlay_value&#8221; overlay_color=&#8221;#0a0a0a&#8221; css=&#8221;.vc_custom_1589374367827{background-color: #ffffff !important;}&#8221; el_class=&#8221;veggie-services-section-v1&#8243;][vc_column]<div id=\"ultimate-heading-247169e5961a33dd4\" class=\"uvc-heading ult-adjust-bottom-margin ultimate-heading-247169e5961a33dd4 uvc-8767 vc_custom_heading-v1\" data-hspacer=\"no_spacer\"  data-halign=\"center\" style=\"text-align:center\"><div class=\"uvc-heading-spacer no_spacer\" style=\"top\"><\/div><div class=\"uvc-main-heading ult-responsive\"  data-ultimate-target='.uvc-heading.ultimate-heading-247169e5961a33dd4 h2'  data-responsive-json-new='{\"font-size\":\"desktop:70px;tablet_portrait:40px;\",\"line-height\":\"\"}' ><h2 style=\"font-family:&#039;Asap&#039;;font-weight:600;color:#353535;margin-bottom:20px;\">I nostri numeri<\/h2><\/div><\/div>[vc_row_inner css=&#8221;.vc_custom_1589366738205{padding-top: 50px !important;}&#8221;][vc_column_inner width=&#8221;1\/3&#8243;]<div class=\"stats-block stats-top  \"><div class=\"aio-icon-top\"><div class=\"ult-just-icon-wrapper  \"><div class=\"align-icon\" style=\"text-align:center;\"><\/div><\/div><\/div><div class=\"stats-desc\" id=\"counter-responsv-wrap-6550\"><div id=\"counter_315254802769e5961a34002\" data-id=\"counter_315254802769e5961a34002\"  data-ultimate-target='#counter-responsv-wrap-6550 .stats-number'  data-responsive-json-new='{\"font-size\":\"desktop:70px;\",\"line-height\":\"desktop:60px;\"}'  class=\"stats-number ult-responsive\" style=\" color:#85bc39; font-family:&#039;Biryani&#039;;font-weight:700;color:#85bc39;\" data-speed=\"3\" data-counter-value=\"52\" data-separator=\".\" data-decimal=\"none\">0<\/div><div id=\"counter-responsv-wrap-6550\"  data-ultimate-target='#counter-responsv-wrap-6550 .stats-text'  data-responsive-json-new='{\"font-size\":\"desktop:30px;\",\"line-height\":\"\"}'  class=\"stats-text ult-responsive\" style=\"font-size:px; color:#85bc39; font-family:&#039;Asap&#039;;font-weight:600;\">Produttori partner attivi<\/div><\/div><\/div>[\/vc_column_inner][vc_column_inner width=&#8221;1\/3&#8243;]<div class=\"stats-block stats-top  \"><div class=\"aio-icon-top\"><div class=\"ult-just-icon-wrapper  \"><div class=\"align-icon\" style=\"text-align:center;\"><\/div><\/div><\/div><div class=\"stats-desc\" id=\"counter-responsv-wrap-7059\"><div id=\"counter_264266745869e5961a340da\" data-id=\"counter_264266745869e5961a340da\"  data-ultimate-target='#counter-responsv-wrap-7059 .stats-number'  data-responsive-json-new='{\"font-size\":\"desktop:70px;\",\"line-height\":\"desktop:60px;\"}'  class=\"stats-number ult-responsive\" style=\" color:#85bc39; font-family:&#039;Biryani&#039;;font-weight:700;color:#85bc39;\" data-speed=\"3\" data-counter-value=\"1518\" data-separator=\".\" data-decimal=\"none\">0<\/div><div id=\"counter-responsv-wrap-7059\"  data-ultimate-target='#counter-responsv-wrap-7059 .stats-text'  data-responsive-json-new='{\"font-size\":\"desktop:30px;\",\"line-height\":\"\"}'  class=\"stats-text ult-responsive\" style=\"font-size:px; color:#85bc39; font-family:&#039;Asap&#039;;font-weight:600;\">Prodotti freschi che gi\u00e0 trattiamo per i nostri clienti<\/div><\/div><\/div>[\/vc_column_inner][vc_column_inner width=&#8221;1\/3&#8243;]<div class=\"stats-block stats-top  \"><div class=\"aio-icon-top\"><div class=\"ult-just-icon-wrapper  \"><div class=\"align-icon\" style=\"text-align:center;\"><\/div><\/div><\/div><div class=\"stats-desc\" id=\"counter-responsv-wrap-9818\"><div id=\"counter_7377556069e5961a34179\" data-id=\"counter_7377556069e5961a34179\"  data-ultimate-target='#counter-responsv-wrap-9818 .stats-number'  data-responsive-json-new='{\"font-size\":\"desktop:70px;\",\"line-height\":\"desktop:60px;\"}'  class=\"stats-number ult-responsive\" style=\" color:#85bc39; font-family:&#039;Biryani&#039;;font-weight:700;color:#85bc39;\" data-speed=\"3\" data-counter-value=\"10121\" data-separator=\".\" data-decimal=\"none\">0<\/div><div id=\"counter-responsv-wrap-9818\"  data-ultimate-target='#counter-responsv-wrap-9818 .stats-text'  data-responsive-json-new='{\"font-size\":\"desktop:30px;\",\"line-height\":\"\"}'  class=\"stats-text ult-responsive\" style=\"font-size:px; color:#85bc39; font-family:&#039;Asap&#039;;font-weight:600;\">Prodotti gi\u00e0 selezionati su tutto il territorio<\/div><\/div><\/div>[\/vc_column_inner][\/vc_row_inner][\/vc_column][\/vc_row][vc_row css=&#8221;.vc_custom_1589378318379{background-color: #212c33 !important;}&#8221; el_class=&#8221;vc-image-background-v1&#8243;][vc_column width=&#8221;1\/2&#8243;]<div class=\"ult-animation  ult-animate-viewport  ult-no-mobile \" data-animate=\"fadeInRight\" data-animation-delay=\"0\" data-animation-duration=\"2\" data-animation-iteration=\"1\" style=\"opacity:0;\" data-opacity_start_effect=\"\"><div id=\"ultimate-heading-189669e5961a34251\" class=\"uvc-heading ult-adjust-bottom-margin ultimate-heading-189669e5961a34251 uvc-22 vc_custom_heading-v1\" data-hspacer=\"no_spacer\"  data-halign=\"left\" style=\"text-align:left\"><div class=\"uvc-heading-spacer no_spacer\" style=\"top\"><\/div><div class=\"uvc-main-heading ult-responsive\"  data-ultimate-target='.uvc-heading.ultimate-heading-189669e5961a34251 h2'  data-responsive-json-new='{\"font-size\":\"desktop:50px;tablet_portrait:40px;\",\"line-height\":\"desktop:40px;tablet_portrait:46px;\"}' ><h2 style=\"font-family:&#039;Asap&#039;;font-weight:600;color:#929da4;margin-bottom:10px;\">I nostri<\/h2><\/div><div class=\"uvc-sub-heading ult-responsive\"  data-ultimate-target='.uvc-heading.ultimate-heading-189669e5961a34251 .uvc-sub-heading '  data-responsive-json-new='{\"font-size\":\"desktop:70px;\",\"line-height\":\"desktop:72px;\"}'  style=\"font-family:&#039;Asap&#039;;font-weight:700;color:#929da4;\">Punti di forza<\/div><\/div><\/div>[\/vc_column][vc_column width=&#8221;1\/2&#8243; offset=&#8221;vc_col-lg-offset-1 vc_col-lg-5 vc_col-md-offset-1 vc_col-md-5&#8243;]<div class=\"ult-animation  ult-animate-viewport  ult-no-mobile \" data-animate=\"fadeInLeft\" data-animation-delay=\"0\" data-animation-duration=\"2\" data-animation-iteration=\"1\" style=\"opacity:0;\" data-opacity_start_effect=\"\">[vc_column_text el_class=&#8221;content-home1&#8243;]<\/p>\n<h5><span style=\"color: #929da4; font-family: 'Asap';\">Passione e gioco di squadra sono le caratteristiche che ci consentono di fare la differenza e di offrire ai nostri clienti sempre qualcosa in pi\u00f9.<\/span><\/h5>\n<p>[\/vc_column_text]<\/div>[\/vc_column][\/vc_row][vc_row css=&#8221;.vc_custom_1589379896475{padding-top: 40px !important;background-color: #212c33 !important;}&#8221;][vc_column width=&#8221;1\/3&#8243;][vc_icon icon_fontawesome=&#8221;fas fa-check-circle&#8221; color=&#8221;custom&#8221; size=&#8221;lg&#8221; align=&#8221;center&#8221; custom_color=&#8221;#929da4&#8243;][vc_column_text]<\/p>\n<h4 style=\"text-align: center; font-family: 'Asap';\"><span style=\"color: #929da4;\">Competitivit\u00e0 sul prezzo<\/span><\/h4>\n<p>[\/vc_column_text][\/vc_column][vc_column width=&#8221;1\/3&#8243;][vc_icon icon_fontawesome=&#8221;fas fa-check-circle&#8221; color=&#8221;custom&#8221; size=&#8221;lg&#8221; align=&#8221;center&#8221; custom_color=&#8221;#929da4&#8243;][vc_column_text]<\/p>\n<h4 style=\"text-align: center; font-family: 'Asap';\"><span style=\"color: #ffffff;\"><span style=\"color: #929da4;\">Massima shelf life del prodotto<\/span> <\/span><\/h4>\n<p>[\/vc_column_text][\/vc_column][vc_column width=&#8221;1\/3&#8243;][vc_icon icon_fontawesome=&#8221;fas fa-check-circle&#8221; color=&#8221;custom&#8221; size=&#8221;lg&#8221; align=&#8221;center&#8221; custom_color=&#8221;#929da4&#8243;][vc_column_text]<\/p>\n<h4 style=\"text-align: center; font-family: 'Asap';\"><span style=\"color: #ffffff;\"><span style=\"color: #929da4;\">Know-how nella selezione dei prodotti<\/span> <\/span><\/h4>\n<p>[\/vc_column_text][\/vc_column][\/vc_row][vc_row css=&#8221;.vc_custom_1589378371514{background-color: #212c33 !important;}&#8221;][vc_column width=&#8221;1\/3&#8243;][vc_icon icon_fontawesome=&#8221;fas fa-check-circle&#8221; color=&#8221;custom&#8221; size=&#8221;lg&#8221; align=&#8221;center&#8221; custom_color=&#8221;#929da4&#8243;][vc_column_text]<\/p>\n<h4 style=\"text-align: center; font-family: 'Asap';\"><span style=\"color: #929da4;\">Ampio assortimento nelle forniture<\/span><\/h4>\n<p>[\/vc_column_text][\/vc_column][vc_column width=&#8221;1\/3&#8243;][vc_icon icon_fontawesome=&#8221;fas fa-check-circle&#8221; color=&#8221;custom&#8221; size=&#8221;lg&#8221; align=&#8221;center&#8221; custom_color=&#8221;#929da4&#8243;][vc_column_text]<\/p>\n<h4 style=\"text-align: center; font-family: 'Asap';\"><span style=\"color: #ffffff;\"><span style=\"color: #929da4;\">Assistenza post vendita<\/span> <\/span><\/h4>\n<p>[\/vc_column_text][\/vc_column][vc_column width=&#8221;1\/3&#8243;][vc_icon icon_fontawesome=&#8221;fas fa-check-circle&#8221; color=&#8221;custom&#8221; size=&#8221;lg&#8221; align=&#8221;center&#8221; custom_color=&#8221;#929da4&#8243;][vc_column_text]<\/p>\n<h4 style=\"text-align: center; font-family: 'Asap';\"><span style=\"color: #ffffff;\"><span style=\"color: #929da4;\">Formazione e promozione<\/span> <\/span><\/h4>\n<p>[\/vc_column_text][\/vc_column][\/vc_row]<\/p>\n","protected":false},"excerpt":{"rendered":"<p>[vc_row full_width=&#8221;stretch_row&#8221; css=&#8221;.vc_custom_1491308933648{margin-top: -110px !important;margin-right: 0px !important;margin-bottom: 0px !important;margin-left: 0px !important;padding-top: 0px !important;padding-right: 0px !important;padding-bottom: 0px !important;padding-left: 0px !important;}&#8221; el_class=&#8221;homepage-slider-v1&#8243;][vc_column offset=&#8221;vc_col-xs-12&#8243;][\/vc_column][\/vc_row][vc_row el_class=&#8221;content-1&#8243;][vc_column width=&#8221;1\/2&#8243; el_class=&#8221;image-banner-2 animated fadeInUp&#8221; offset=&#8221;vc_col-xs-12&#8243;][vc_single_image image=&#8221;4927&#8243; img_size=&#8221;full&#8221; alignment=&#8221;center&#8221; css_animation=&#8221;fadeInUp&#8221;][\/vc_column][vc_column width=&#8221;1\/2&#8243; el_class=&#8221;content-block&#8221; offset=&#8221;vc_col-lg-offset-0&#8243;][\/vc_column][\/vc_row][vc_row css=&#8221;.vc_custom_1589294322620{background-color: #fafafa !important;}&#8221; el_class=&#8221;vc-image-background-v1&#8243;][vc_column width=&#8221;1\/2&#8243;][\/vc_column][vc_column width=&#8221;1\/2&#8243; offset=&#8221;vc_col-lg-offset-1 vc_col-lg-5 vc_col-md-offset-1 vc_col-md-5&#8243;][\/vc_column][\/vc_row][vc_row css=&#8221;.vc_custom_1589361450689{background-color: #ffffff !important;background-position: 0 0 !important;background-repeat: repeat !important;}&#8221; el_class=&#8221;veggie-services-section-v1&#8243;][vc_column][vc_row_inner][vc_column_inner width=&#8221;1\/6&#8243;][\/vc_column_inner][vc_column_inner width=&#8221;2\/3&#8243;][\/vc_column_inner][vc_column_inner&#8230;<\/p>\n","protected":false},"author":1,"featured_media":0,"parent":0,"menu_order":0,"comment_status":"closed","ping_status":"closed","template":"","meta":{"footnotes":""},"_links":{"self":[{"href":"https:\/\/foodpartner.it\/it\/wp-json\/wp\/v2\/pages\/21"}],"collection":[{"href":"https:\/\/foodpartner.it\/it\/wp-json\/wp\/v2\/pages"}],"about":[{"href":"https:\/\/foodpartner.it\/it\/wp-json\/wp\/v2\/types\/page"}],"author":[{"embeddable":true,"href":"https:\/\/foodpartner.it\/it\/wp-json\/wp\/v2\/users\/1"}],"replies":[{"embeddable":true,"href":"https:\/\/foodpartner.it\/it\/wp-json\/wp\/v2\/comments?post=21"}],"version-history":[{"count":133,"href":"https:\/\/foodpartner.it\/it\/wp-json\/wp\/v2\/pages\/21\/revisions"}],"predecessor-version":[{"id":5240,"href":"https:\/\/foodpartner.it\/it\/wp-json\/wp\/v2\/pages\/21\/revisions\/5240"}],"wp:attachment":[{"href":"https:\/\/foodpartner.it\/it\/wp-json\/wp\/v2\/media?parent=21"}],"curies":[{"name":"wp","href":"https:\/\/api.w.org\/{rel}","templated":true}]}}