
{"id":3,"date":"2020-05-08T09:29:44","date_gmt":"2020-05-08T09:29:44","guid":{"rendered":"https:\/\/foodpartner.it\/test\/?page_id=3"},"modified":"2024-06-13T09:50:20","modified_gmt":"2024-06-13T09:50:20","slug":"privacy-policy","status":"publish","type":"page","link":"https:\/\/foodpartner.it\/it\/privacy-policy\/","title":{"rendered":"Privacy Policy"},"content":{"rendered":"<p>[vc_row][vc_column][vc_empty_space][\/vc_column][vc_column][vc_column_text]<\/p>\n<h3><span style=\"color: #000000;\"><strong><u>Informativa sul trattamento dei dati personali ai sensi dell\u2019art. 13 e 14 del Regolamento Europeo 2016\/679 (\u201cGDPR\u201d).<\/u><\/strong><\/span><\/h3>\n<p>Gentile Fornitore\/Cliente,<\/p>\n<p>questa informativa Le viene fornita non solo per adempiere agli obblighi imposti dalle Leggi in materia di protezione dei dati personali, in particolare dal Regolamento (UE) 2016\/679 (GDPR), dal D. Lgs. 196\/2003 cos\u00ec come aggiornato dal D. Lgs. 101\/2018 (codice Privacy) e dai provvedimenti rilevanti dell\u2019Autorit\u00e0 Garante per la protezione dei dati personali, ma anche perch\u00e9 la <strong><em>Societ\u00e0 Foodpartner S.r.l.<\/em><\/strong> crede che la tutela dei dati personali sia un valore fondamentale della propria attivit\u00e0 e desidera fornirLe ogni informazione che possa aiutarLa a tutelare la Sua riservatezza e a controllare l\u2019utilizzo che viene fatto dei Suoi dati personali.<\/p>\n<p><strong><em><u>Chi tratta i suoi dati personali?<\/u><\/em><\/strong> Titolare del trattamento, e cio\u00e8 il soggetto che determina le finalit\u00e0 e i mezzi del trattamento dei dati personali al quale ci si pu\u00f2 rivolgere per esercitare i diritti riconosciuti dal GDPR, \u00e8 la <strong><em>Societ\u00e0 Foodpartner S.r.l.<\/em><\/strong>, con sede legale in via Santo Stefano 356, CAP 41052, Comune Guiglia, Provincia Modena, P.IVA IT03339580361<\/p>\n<p>Il Titolare del trattamento pu\u00f2 essere contattato al numero di telefono: telefono:0522\/633158 ovvero inoltrando una e-mail all\u2019indirizzo: info@foodpartner.it, ovvero tramite PEC: foodpartner@pec.it, avendo cura di specificare il motivo della richiesta.<\/p>\n<p><strong><em><u>Perch\u00e9 trattiamo i Suoi dati personali e su quale base di legittimit\u00e0?<\/u><\/em><\/strong> I suoi dati personali sono trattati:<\/p>\n<ol>\n<li>Per finalit\u00e0 strettamente connesse e strumentali alla corretta instaurazione e gestione del rapporto contrattuale.<\/li>\n<\/ol>\n<p>Il conferimento dei Suoi dati personali \u00e8 facoltativo ma, trattandosi di trattamenti strettamente necessari per la definizione dell\u2019accordo contrattuale e per la sua successiva attuazione, in caso di rifiuto a conferire i dati personali, non potremo concludere e\/o proseguire il rapporto contrattuale con Lei.<\/p>\n<p>La base di liceit\u00e0 del trattamento, per questa finalit\u00e0, \u00e8 rappresentata dall\u2019art 6, par.1, lett. b) GDPR.<\/p>\n<ol>\n<li>Per adempiere ad obblighi di legge, regolamenti, normative comunitarie, e per adempiere ai vigenti obblighi amministrativi, contabili e fiscali.<\/li>\n<\/ol>\n<p>Per tale finalit\u00e0, il trattamento dei Suoi dati personali \u00e8 obbligatorio ed \u00e8 effettuato senza necessit\u00e0 di acquisire il Suo consenso.<\/p>\n<p>La base di liceit\u00e0 del trattamento, per questa finalit\u00e0, \u00e8 rappresentata dall\u2019art 6, par.1, lett. c) GDPR.<\/p>\n<ol>\n<li>Per agire e\/o difenderci in giudizio, a seguito di un eventuale contenzioso.<\/li>\n<\/ol>\n<p>La base di liceit\u00e0 del trattamento, per questa finalit\u00e0, \u00e8 rappresentata dall\u2019art 6, par.1, lett. f) GDPR e non \u00e8 richiesto il Suo consenso in quanto il Titolare del trattamento persegue il proprio legittimo interesse ad accertare, esercitare o difendere in sede giudiziaria un proprio diritto.<\/p>\n<p>&nbsp;<\/p>\n<p><strong><em><u>Quali dati personali trattiamo?<\/u><\/em><\/strong> Trattiamo i soli dati personali strettamente necessari per le finalit\u00e0 sopra menzionate: dati identificativi ed anagrafici, dati di contatto (numero di telefono, indirizzo e-mail, PEC), dati contrattuali, dati fiscali (codice fiscale\/P.IVA), dati bancari (codice IBAN).<\/p>\n<p>Non trattiamo dati personali particolari ai sensi dell\u2019art 9 GDPR (anche chiamati \u201cdati sensibili\u201d).<\/p>\n<p><strong><em><u>Come otteniamo i Suoi dati?<\/u><\/em><\/strong> I Suoi dati ci vengono comunicati direttamente da Lei, in fase precontrattuale o al momento della conclusione del contratto, oppure possono esserci comunicati dalla nostra rete di clienti\/fornitori per i quali operiamo in qualit\u00e0 di Responsabili del trattamento.<\/p>\n<p><strong><em><u>Per quanto tempo conserviamo i Suoi dati personali?<\/u><\/em><\/strong> I Suoi dati personali saranno trattati per tutta la durata del rapporto contrattuale e conservati per un periodo di 10 (dieci) anni decorrenti dalla cessazione del rapporto stesso, salvo maggior termine previsto dalla legge o nel caso in cui i dati siano necessari per la difesa dei diritti del Titolare<\/p>\n<p>&nbsp;<\/p>\n<p><strong><em><u>Esiste un processo decisionale automatizzato?<\/u><\/em><\/strong> No, non esiste un processo decisionale automatizzato.<\/p>\n<p>&nbsp;<\/p>\n<p><strong><em><u>Trasferiamo i Suoi dati all\u2019Estero?<\/u><\/em><\/strong> Ai sensi dell\u2019art 45 GDPR, per le finalit\u00e0 sopra menzionate, anche conseguentemente all\u2019utilizzo di specifici servizi della societ\u00e0 dell\u2019informazione, i Suoi dati potrebbero essere oggetto di trasferimento verso Paesi Terzi, nello specifico Stati Uniti d\u2019America, presso soggetti che garantiscono un livello di protezione adeguato e certificato all\u2019Interessato, in quanto iscritti nella lista \u201cData Privacy Framework Program\u201d, in ottemperanza alla decisione di adeguatezza del 7 luglio 2023 della Commissione Europea (EU-US Data Privacy Framework). Qualunque trasferimento di dati personali oggetto di un trattamento, o destinati a essere oggetto di un trattamento dopo il trasferimento verso un Paese terzo, avviene nel rigoroso rispetto, da parte sia della societ\u00e0 Foodpartner s.r.l. che dei suoi Responsabili e\/o Sub-responsabili del trattamento, delle disposizioni di cui al Capo V del Regolamento. Tutte le disposizioni del Capo V in questione sono applicate al fine di assicurare che il livello di protezione delle persone fisiche garantito dal Regolamento non sia pregiudicato.<\/p>\n<p>&nbsp;<\/p>\n<p><strong><em><u>Quali sono i Suoi diritti?<\/u><\/em><\/strong> In relazione ai dati personali oggetto del trattamento di cui alla presente informativa, Le \u00e8 riconosciuto, in qualsiasi momento, in conformit\u00e0, nei limiti ed alle condizioni previste dagli artt. 15 \u2013 16 \u2013 17 \u2013 18 -20 &#8211; 21 GDPR, il diritto di:<\/p>\n<p>&nbsp;<\/p>\n<ol>\n<li><em>Accesso<\/em> (art 15 GDPR): diritto di richiedere la conferma che sia, o meno, in corso un trattamento inerente ai Suoi dati personali, senza doverne motivare la richiesta e, in caso affermativo, di ottenere l\u2019accesso ai medesimi dati ed una copia degli stessi;<\/li>\n<li><em>Rettifica ed integrazione<\/em> (art 16 GDPR): diritto di ottenere la rettifica dei dati personali inesatti e l\u2019integrazione di dati insufficienti o non aggiornati che La riguardano;<\/li>\n<li><em>Cancellazione<\/em> (art 17 GDPR): diritto di ottenere la cancellazione dei Suoi dati personali, alle condizioni e nei limiti imposti dall\u2019art 17 GDPR;<\/li>\n<li><em>Limitazione<\/em> (art 18 GDPR): diritto di ottenere che i Suoi dati siano \u201ccongelati\u201d, \u201cbloccati\u201d, trattati ma ai soli fini della conservazione, con conseguente impossibilit\u00e0 di qualsiasi altra operazione di trattamento che non sia la conservazione per il periodo di limitazione, alle condizioni e nei limiti imposti dall\u2019art 18 GDPR;<\/li>\n<li><em>Portabilit\u00e0<\/em> (art 20 GDPR): diritto di ricevere, in un formato strutturato di uso comune e leggibile da dispositivo automatico, i dati personali che La riguardano per trasmetterli, senza impedimenti da parte nostra, ad altro Titolare del trattamento;<\/li>\n<li><em>Opposizione<\/em> (art 21 GDPR): diritto di opporsi in qualsiasi momento, per motivi connessi alla situazione particolare, al trattamento dei dati personali che La riguardano, alle condizioni e nei limiti previsti dall\u2019art 21 GDPR.<\/li>\n<\/ol>\n<p>L\u2019esercizio dei premessi diritti pu\u00f2 essere esercitato mediante comunicazione scritta diretta al Titolare del trattamento da inviare all\u2019indirizzo e-mail: info@foodpartner.it.<\/p>\n<p><strong><em><u>Reclamo all\u2019autorit\u00e0 di controllo:<\/u><\/em><\/strong> Fatto salvo ogni altro ricorso amministrativo o giurisdizionale, se ritiene che il trattamento che La riguarda violi il GDPR, ha il diritto di proporre reclamo a un&#8217;autorit\u00e0 di controllo, ai sensi dell\u2019art 77 GDPR, segnatamente nello Stato membro in cui risiede abitualmente, lavora oppure del luogo ove si \u00e8 verificata la presunta violazione.<\/p>\n<p><strong><em><u>Come trattiamo i Suoi dati?<\/u><\/em><\/strong> I suoi dati personali verranno trattati unicamente attraverso strumenti informatici e cartacei, con modalit\u00e0 tali da garantire la loro sicurezza e riservatezza, anche mediante, quando possibile, l\u2019utilizzo di tecniche di cifratura, pseudonimizzazione o anonimizzazione dei dati. Il Titolare, al fine di tutelare l\u2019integrit\u00e0 e l\u2019accessibilit\u00e0 ai Suoi dati personali ed agli strumenti impiegati per il loro trattamento, si impegna a trattare i Suoi dati con mezzi idonei a ridurre il rischio di dispersione o violazione da parte di terzi non autorizzati, mettendo in atto misure tecniche ed organizzative adeguate a garantire un livello di sicurezza adeguato al rischio, cos\u00ec come richiesto dall\u2019art 32 GDPR. Il trattamento dei Suoi dati personali sar\u00e0 effettuato unicamente da personale preventivamente istruito, continuamente aggiornato ed appositamente autorizzato a tale scopo.<\/p>\n<p>&nbsp;<\/p>\n<p><strong><em><u>Quali principi applichiamo al trattamento dei Suoi dati?<\/u><\/em><\/strong> Trattiamo i Suoi dati personali nel rispetto delle norme di legge in materia di protezione dei dati personali, in particolare nel rispetto di quanto disposto dall\u2019art 5 del GDPR, pertanto, i Suoi dati personali sono:<\/p>\n<ol>\n<li>a) trattati in modo lecito, corretto e trasparente (\u00ab<em>liceit\u00e0, correttezza e trasparenza<\/em>\u00bb);<\/li>\n<li>b) raccolti per finalit\u00e0 determinate, esplicite e legittime, e successivamente trattati in modo che non sia incompatibile con tali finalit\u00e0 (\u00ab<em>limitazione della finalit\u00e0<\/em>\u00bb)<\/li>\n<li>c) adeguati, pertinenti e limitati a quanto necessario rispetto alle finalit\u00e0 per le quali sono trattati (\u00ab<em>minimizzazione dei dati<\/em>\u00bb);<\/li>\n<li>d) esatti e, se necessario, aggiornati. Adottiamo tutte le misure ragionevoli per cancellare o rettificare tempestivamente i dati inesatti rispetto alle finalit\u00e0 per le quali sono trattati (\u00ab<em>esattezza<\/em>\u00bb);<\/li>\n<li>e) conservati in una forma che consenta l&#8217;identificazione degli interessati per un arco di tempo non superiore al conseguimento delle finalit\u00e0 per le quali sono trattati (\u00ab<em>limitazione della conservazione<\/em>\u00bb);<\/li>\n<li>f) trattati in maniera da garantire un&#8217;adeguata sicurezza dei dati personali, compresa la protezione, mediante misure tecniche e organizzative adeguate, da trattamenti non autorizzati o illeciti e dalla perdita, dalla distruzione o dal danno accidentali (\u00ab<em>integrit\u00e0 e riservatezza<\/em>\u00bb).<\/li>\n<\/ol>\n<p><strong><em><u>Da quali soggetti vengono trattati i dati personali?<\/u><\/em><\/strong> I Suoi dati personali non saranno diffusi. Potranno essere comunicati e trattati da soggetti interni e\/o esterni alla Societ\u00e0 Foodpartner S.r.l., in particolare:<\/p>\n<p><em><u>Destinatari Interni<\/u><\/em><em>: <\/em>Autorizzati al trattamento dei dati personali: persone fisiche che agiscono sotto l\u2019autorit\u00e0 del Titolare del trattamento, appositamente nominati ed autorizzati, ai sensi dell\u2019art 29 GDPR, a trattare i dati personali nell\u2019ambito delle relative mansioni e attivit\u00e0, dopo aver ricevuto specifica formazione ed istruzioni operative a tal fine.<\/p>\n<p><em><u>Destinatari esterni<\/u><\/em><u>:<\/u><\/p>\n<ol>\n<li>Soggetti cui la comunicazione dei dati debba essere effettuata in adempimento di un obbligo previsto dalla legge, da un regolamento o da una normativa comunitaria, ovvero per adempiere ad un ordine dell\u2019Autorit\u00e0 Giudiziaria;<\/li>\n<li>Responsabili del trattamento: tutti i nostri Responsabili del trattamento sono stati nominati ai sensi dell\u2019art 28 GDPR e presentano le garanzie richieste dall\u2019art 32 GDPR. L\u2019elenco completo dei Responsabili del trattamento \u00e8 disponibile, su richiesta dell\u2019interessato, contattando il Titolare del trattamento.<\/li>\n<\/ol>\n<p>Tali destinatari esterni comprendono:<\/p>\n<ol>\n<li>Societ\u00e0\/studi professionali che prestano attivit\u00e0 di assistenza, consulenza o collaborazione al Titolare del trattamento, in materia contabile, amministrativa, fiscale, legale, tributaria e finanziaria;<\/li>\n<li>Terzi fornitori di servizi cui la comunicazione sia necessaria per l\u2019adempimento delle prestazioni oggetto del contratto commerciale;<\/li>\n<li>Enti bancari, creditizi e finanziari;<\/li>\n<li>Ulteriori soggetti, ma solo in relazione ad adempimenti della societ\u00e0 derivanti da eventuali specifiche richieste o iniziative del fornitore\/cliente stesso.<\/li>\n<\/ol>\n<p>&nbsp;<\/p>\n<p>Il Titolare del trattamento \u00e8 disponibile per ogni ulteriore informazione o domanda.[\/vc_column_text][\/vc_column][vc_column][\/vc_column][\/vc_row]<\/p>\n","protected":false},"excerpt":{"rendered":"<p>[vc_row][vc_column][vc_empty_space][\/vc_column][vc_column][vc_column_text] Informativa sul trattamento dei dati personali ai sensi dell\u2019art. 13 e 14 del Regolamento Europeo 2016\/679 (\u201cGDPR\u201d). Gentile Fornitore\/Cliente, questa informativa Le viene fornita non solo per adempiere agli obblighi imposti dalle Leggi in materia di protezione dei dati personali, in particolare dal Regolamento (UE) 2016\/679 (GDPR), dal D. Lgs. 196\/2003 cos\u00ec come aggiornato&#8230;<\/p>\n","protected":false},"author":1,"featured_media":0,"parent":0,"menu_order":0,"comment_status":"closed","ping_status":"closed","template":"","meta":{"footnotes":""},"_links":{"self":[{"href":"https:\/\/foodpartner.it\/it\/wp-json\/wp\/v2\/pages\/3"}],"collection":[{"href":"https:\/\/foodpartner.it\/it\/wp-json\/wp\/v2\/pages"}],"about":[{"href":"https:\/\/foodpartner.it\/it\/wp-json\/wp\/v2\/types\/page"}],"author":[{"embeddable":true,"href":"https:\/\/foodpartner.it\/it\/wp-json\/wp\/v2\/users\/1"}],"replies":[{"embeddable":true,"href":"https:\/\/foodpartner.it\/it\/wp-json\/wp\/v2\/comments?post=3"}],"version-history":[{"count":4,"href":"https:\/\/foodpartner.it\/it\/wp-json\/wp\/v2\/pages\/3\/revisions"}],"predecessor-version":[{"id":5580,"href":"https:\/\/foodpartner.it\/it\/wp-json\/wp\/v2\/pages\/3\/revisions\/5580"}],"wp:attachment":[{"href":"https:\/\/foodpartner.it\/it\/wp-json\/wp\/v2\/media?parent=3"}],"curies":[{"name":"wp","href":"https:\/\/api.w.org\/{rel}","templated":true}]}}