
{"id":3361,"date":"2016-09-22T06:26:56","date_gmt":"2016-09-22T06:26:56","guid":{"rendered":"https:\/\/wp.0effortthemes.com\/themes\/veggie-data\/?page_id=3361"},"modified":"2020-06-24T12:44:25","modified_gmt":"2020-06-24T12:44:25","slug":"servizi","status":"publish","type":"page","link":"https:\/\/foodpartner.it\/it\/servizi\/","title":{"rendered":"Servizi"},"content":{"rendered":"<p>[vc_row][vc_column]<div id=\"ultimate-heading-441369e36dadb687e\" class=\"uvc-heading ult-adjust-bottom-margin ultimate-heading-441369e36dadb687e uvc-4851 \" data-hspacer=\"no_spacer\"  data-halign=\"center\" style=\"text-align:center\"><div class=\"uvc-heading-spacer no_spacer\" style=\"top\"><\/div><div class=\"uvc-main-heading ult-responsive\"  data-ultimate-target='.uvc-heading.ultimate-heading-441369e36dadb687e h2'  data-responsive-json-new='{\"font-size\":\"desktop:50px;tablet:45px;tablet_portrait:45px;mobile_landscape:35px;mobile:35px;\",\"line-height\":\"desktop:45px;tablet_portrait:46px;\"}' ><h2 style=\"font-family:&#039;Asap&#039;;font-weight:600;color:#353535;\">I servizi<\/h2><\/div><div class=\"uvc-sub-heading ult-responsive\"  data-ultimate-target='.uvc-heading.ultimate-heading-441369e36dadb687e .uvc-sub-heading '  data-responsive-json-new='{\"font-size\":\"desktop:70px;tablet:65px;tablet_portrait:65px;mobile_landscape:55px;mobile:55px;\",\"line-height\":\"desktop:72px;\"}'  style=\"font-family:&#039;Asap&#039;;font-style:italic;font-weight:700;color:#353535;margin-bottom:40px;\">Foodpartner<\/div><\/div>[\/vc_column][\/vc_row][vc_row css=&#8221;.vc_custom_1589791183918{background-color: #fafafa !important;}&#8221;][vc_column]<div id=\"ultimate-heading-443069e36dadb68ef\" class=\"uvc-heading ult-adjust-bottom-margin ultimate-heading-443069e36dadb68ef uvc-1840 \" data-hspacer=\"no_spacer\"  data-halign=\"left\" style=\"text-align:left\"><div class=\"uvc-heading-spacer no_spacer\" style=\"top\"><\/div><div class=\"uvc-main-heading ult-responsive\"  data-ultimate-target='.uvc-heading.ultimate-heading-443069e36dadb68ef h2'  data-responsive-json-new='{\"font-size\":\"desktop:50px;tablet_portrait:40px;\",\"line-height\":\"desktop:52px;tablet_portrait:46px;\"}' ><h2 style=\"font-family:&#039;Asap&#039;;font-weight:normal;font-style:normal;color:#e41f1f;\">Procurement<\/h2><\/div><div class=\"uvc-sub-heading ult-responsive\"  data-ultimate-target='.uvc-heading.ultimate-heading-443069e36dadb68ef .uvc-sub-heading '  data-responsive-json-new='{\"font-size\":\"desktop:35px;\",\"line-height\":\"desktop:40px;\"}'  style=\"font-family:&#039;Asap&#039;;font-weight:700;color:#85bc39;margin-bottom:20px;\">Un ricchissimo men\u00f9 di eccellenze mediteranee<\/div><\/div>[vc_column_text]<\/p>\n<p style=\"text-align: left;\">I prodotti freschi e le tipicit\u00e0 italiane sono, ovviamente, il nostro \u201cpane quotidiano\u201d ma la curiosit\u00e0 e la voglia di dare ai nostri clienti sempre qualcosa in pi\u00f9, ci hanno portato ad estendere la nostra offerta anche ad altri prodotti freschi provenienti dal bacino del mediterraneo.<br \/>\nCon l\u2019obiettivo di fornire ai buyer tutto e solo il meglio di questa ricchissima produzione, nel corso degli anni abbiamo creato un portfolio di prodotti composto sia da specialit\u00e0 di alta gastronomia che da prodotti di pi\u00f9 largo consumo. Un men\u00f9 capace di soddisfare le richieste e i desideri di qualsiasi tipologia di cliente. Il nostro <strong>team di procurement<\/strong>, sempre in viaggio come un appassionato gastronauta, garantisce che questo men\u00f9 sia ben assortito, di alta qualit\u00e0 e pronto ad accogliere le novit\u00e0 suggerite dai produttori o dagli stili di consumo in continua evoluzione. In questo modo il database dei nostri prodotti si mantiene \u201csempre fresco\u201d e la rete dei nostri partner produttori si arricchisce.<\/p>\n<p style=\"text-align: left;\"><strong>Un servizio \u00e0 la carte, perch\u00e9 ogni cliente \u00e8 diverso<\/strong><br \/>\nUna volta ricevuto il tender del cliente e stabiliti i criteri qualitativi ed economici tramite un processo di <strong>benchmarking<\/strong>, effettuiamo i <strong>panel test<\/strong> tecnici e sensoriali specifici per ogni prodotto. Ogni campionatura viene controllata e registrata da noi per assicurare velocit\u00e0 e corrispondenza dell\u2019offerta, senza sorprese o mancanze. I buyer si affidano a noi per il procedimento di sourcing, sia che si tratti di un prodotto standard che di una <strong>private label<\/strong>: questo permette loro di risparmiare tempo ed energie guadagnando in qualit\u00e0 dell\u2019offerta. Ci piace essere partner, pi\u00f9 che fornitori fidati, e questo ci porta anche a condividere il nostro know-how suggerendo di nostra iniziativa prodotti che riteniamo strategici per il business dei nostri clienti.<\/p>\n<p style=\"text-align: left;\"><strong>Condividiamo squisitezze e know-how<\/strong><br \/>\nQuando selezioniamo un prodotto, teniamo sempre bene in mente quali sono i fattori chiave che vogliamo garantire ai nostri partner: giusto r<strong>apporto qualit\u00e0-prezzo<\/strong>, <strong>eccellenza<\/strong> del prodotto nel tempo, <strong>flessibilit\u00e0<\/strong> nelle ordinazioni, e anche l\u2019eventuale possibilit\u00e0 di evolvere in un secondo momento in prodotto a <strong>marchio privato.<\/strong><\/p>\n<p>[\/vc_column_text][\/vc_column][\/vc_row][vc_row][vc_column]<div id=\"ultimate-heading-803569e36dadb6943\" class=\"uvc-heading ult-adjust-bottom-margin ultimate-heading-803569e36dadb6943 uvc-5761 \" data-hspacer=\"no_spacer\"  data-halign=\"right\" style=\"text-align:right\"><div class=\"uvc-heading-spacer no_spacer\" style=\"top\"><\/div><div class=\"uvc-main-heading ult-responsive\"  data-ultimate-target='.uvc-heading.ultimate-heading-803569e36dadb6943 h2'  data-responsive-json-new='{\"font-size\":\"desktop:50px;tablet_portrait:40px;\",\"line-height\":\"desktop:52px;tablet_portrait:46px;\"}' ><h2 style=\"font-family:&#039;Asap&#039;;font-weight:normal;font-style:normal;color:#e41f1f;\">Logistica<\/h2><\/div><div class=\"uvc-sub-heading ult-responsive\"  data-ultimate-target='.uvc-heading.ultimate-heading-803569e36dadb6943 .uvc-sub-heading '  data-responsive-json-new='{\"font-size\":\"desktop:40px;\",\"line-height\":\"desktop:45px;\"}'  style=\"font-family:&#039;Asap&#039;;font-weight:700;color:#85bc39;margin-bottom:20px;\">Scopri il gusto della gestione \u201csave you time\u201d<\/div><\/div>[vc_column_text]<\/p>\n<p style=\"text-align: right;\">L\u2019efficienza della logistica \u00e8 senza dubbio il nostro \u201cpiatto forte\u201d. Grazie ad una gestione altamente informatizzata, siamo in grado di calcolare tempi e volumi <strong>consolidando<\/strong> la merce proveniente da tutta Italia, e dal bacino Mediterraneo, nel nostro magazzino refrigerato di Modena. Il giorno stesso ci occupiamo di gestire e <strong>ottimizzare<\/strong> la merce caricandola sui mezzi con rotta <strong>pi\u00f9 diretta e rapida possibile<\/strong> verso la destinazione estera e rispettando tutti i criteri di vita residua contrattualizzata, l\u2019etichettatura del prodotto e l\u2019unit\u00e0 di trasporto. Questa gestione permette ai nostri clienti di ricevere <strong>merce sempre fresca di produzione<\/strong> con una <strong>riduzione al minimo dei costi<\/strong>. Consente inoltre la possibilit\u00e0 di ordinare da numerosi produttori diversi ricevendo tutto in un\u2019unica soluzione.<\/p>\n<p style=\"text-align: right;\"><strong>Pi\u00f9 freschezza e meno costi ad ogni consegna<\/strong><br \/>\nSiamo in grado di <strong>interagire con vari sistemi di gestione<\/strong> della supply chain partendo dai flussi EDI, alla gestione dei portali specifici, fino a gestire la corretta restituzione dei CMR a norma di legge e la puntuale prenotazione di slot di scarico merce.<br \/>\nE\u2019 nostra responsabilit\u00e0 controllare che la tratta logistica avvenga senza ritardi e che la <strong>catena del freddo<\/strong> sia sempre <strong>garantita<\/strong>. Una supervisione che garantiamo grazie a controlli di registro abbinato a tecnologia GPS che consente il costante monitoraggio dello stato di avanzamento del carico. I nostri autisti incaricati sono scelti per <strong>garantirci un contatto personalizzato<\/strong> e sono informati sulle specifiche esigenze del cliente con l\u2019obbligo di garantire il pieno servizio, <strong>anche nei momenti di massimo traffico dell\u2019anno.<\/strong><\/p>\n<p style=\"text-align: right;\"><strong>Festivit\u00e0 e chiusure non sono mai un problema<\/strong><br \/>\nIl nostro sistema di supply chain interagisce in modo automatizzato con ogni produttore per <strong>gestire i periodi di festivit\u00e0 e chiusure<\/strong> pianificando tutto in anticipo e a livello di dettaglio di ogni singolo articolo. Un vantaggio che si traduce in svariate ore di lavoro di pianificazione risparmiate per i nostri clienti. Ecco perch\u00e9 lo chiamiamo <strong>\u201csave you time\u201d<\/strong>.<\/p>\n<p>[\/vc_column_text][\/vc_column][\/vc_row][vc_row css=&#8221;.vc_custom_1589791183918{background-color: #fafafa !important;}&#8221;][vc_column]<div id=\"ultimate-heading-656769e36dadb698d\" class=\"uvc-heading ult-adjust-bottom-margin ultimate-heading-656769e36dadb698d uvc-1456 \" data-hspacer=\"no_spacer\"  data-halign=\"left\" style=\"text-align:left\"><div class=\"uvc-heading-spacer no_spacer\" style=\"top\"><\/div><div class=\"uvc-main-heading ult-responsive\"  data-ultimate-target='.uvc-heading.ultimate-heading-656769e36dadb698d h2'  data-responsive-json-new='{\"font-size\":\"desktop:50px;tablet_portrait:40px;\",\"line-height\":\"desktop:52px;tablet_portrait:46px;\"}' ><h2 style=\"font-family:&#039;Asap&#039;;font-weight:normal;font-style:normal;color:#e41f1f;\">Supporto pre\/post vendita<\/h2><\/div><div class=\"uvc-sub-heading ult-responsive\"  data-ultimate-target='.uvc-heading.ultimate-heading-656769e36dadb698d .uvc-sub-heading '  data-responsive-json-new='{\"font-size\":\"desktop:40px;\",\"line-height\":\"desktop:45px;\"}'  style=\"font-family:&#039;Asap&#039;;font-weight:700;color:#85bc39;margin-bottom:20px;\"><\/p>\n<div id=\"ultimate-heading-44735ec2a435c7c07\" class=\"uvc-heading ult-adjust-bottom-margin ultimate-heading-44735ec2a435c7c07 uvc-1550 \" data-hspacer=\"no_spacer\" data-halign=\"left\">\n<div class=\"uvc-sub-heading ult-responsive\" style=\"text-align: left;\" data-ultimate-target=\".uvc-heading.ultimate-heading-44735ec2a435c7c07 .uvc-sub-heading \" data-responsive-json-new=\"{&quot;font-size&quot;:&quot;desktop:40px;&quot;,&quot;line-height&quot;:&quot;desktop:45px;&quot;}\">Sempre presenti lungo tutto il processo<\/div>\n<\/div>\n<p><\/div><\/div>[vc_column_text]<\/p>\n<p style=\"text-align: left;\">Il nostro lavoro inizia molto prima del momento dell\u2019ordine e finisce molto dopo la consegna dei prodotti. Crediamo fortemente che le collaborazioni di successo vadano coltivate lungo tutta la filiera della vendita. Prima di proporre un prodotto facciamo sempre un\u2019attenta <strong>analisi di mercato<\/strong> e informiamo il cliente su tutte le tendenze dei prodotti che possono tradursi in opportunit\u00e0. Ci occupiamo di diversi aspetti tra i quali:<\/p>\n<p style=\"text-align: left;\">\u2022 Rapida <strong>gestione dei processi<\/strong> <strong>documentali<\/strong> e contrattuali attraverso un sistema dedicato di project management modellabile in funzione delle procedure del cliente.<br \/>\n\u2022 Monitoraggio analitico delle performance di fornitura e <strong>rating<\/strong> <strong>di<\/strong> <strong>affidabilit\u00e0<\/strong> del fornitore e dei singoli codici prodotto.<br \/>\n\u2022 <strong>Gestione dei reclami<\/strong> post-vendita attraverso un sistema evoluto di ticketing con monitoraggio dei tempi di risposta.<br \/>\n\u2022 <strong>Gestione dei portali<\/strong> di quality management come GS1 e<strong> setup dei flussi digitali<\/strong> per gli ordini attraverso EDI.<br \/>\n\u2022 <strong>Admin Trouble solving<\/strong> per gestire note di accredito, variazioni e blocchi nei processi amministrativi.<\/p>\n<p>[\/vc_column_text][\/vc_column][\/vc_row][vc_row][vc_column]<div id=\"ultimate-heading-826569e36dadb69d2\" class=\"uvc-heading ult-adjust-bottom-margin ultimate-heading-826569e36dadb69d2 uvc-9308 \" data-hspacer=\"no_spacer\"  data-halign=\"right\" style=\"text-align:right\"><div class=\"uvc-heading-spacer no_spacer\" style=\"top\"><\/div><div class=\"uvc-main-heading ult-responsive\"  data-ultimate-target='.uvc-heading.ultimate-heading-826569e36dadb69d2 h2'  data-responsive-json-new='{\"font-size\":\"desktop:50px;tablet_portrait:40px;\",\"line-height\":\"desktop:52px;tablet_portrait:46px;\"}' ><h2 style=\"font-family:&#039;Asap&#039;;font-weight:normal;font-style:normal;color:#e41f1f;\">Posizionamento commerciale e marketing<\/h2><\/div><div class=\"uvc-sub-heading ult-responsive\"  data-ultimate-target='.uvc-heading.ultimate-heading-826569e36dadb69d2 .uvc-sub-heading '  data-responsive-json-new='{\"font-size\":\"desktop:40px;\",\"line-height\":\"desktop:45px;\"}'  style=\"font-family:&#039;Asap&#039;;font-weight:700;color:#85bc39;margin-bottom:20px;\"><\/p>\n<div id=\"ultimate-heading-44735ec2a435c7c07\" class=\"uvc-heading ult-adjust-bottom-margin ultimate-heading-44735ec2a435c7c07 uvc-1550 \" data-hspacer=\"no_spacer\" data-halign=\"left\">\n<div class=\"uvc-sub-heading ult-responsive\" style=\"text-align: left;\" data-ultimate-target=\".uvc-heading.ultimate-heading-44735ec2a435c7c07 .uvc-sub-heading \" data-responsive-json-new=\"{&quot;font-size&quot;:&quot;desktop:40px;&quot;,&quot;line-height&quot;:&quot;desktop:45px;&quot;}\">\n<div id=\"ultimate-heading-68765ec2a4adcae3d\" class=\"uvc-heading ult-adjust-bottom-margin ultimate-heading-68765ec2a4adcae3d uvc-2250 \" data-hspacer=\"no_spacer\" data-halign=\"right\">\n<div class=\"uvc-sub-heading ult-responsive\" style=\"text-align: right;\" data-ultimate-target=\".uvc-heading.ultimate-heading-68765ec2a4adcae3d .uvc-sub-heading \" data-responsive-json-new=\"{&quot;font-size&quot;:&quot;desktop:40px;&quot;,&quot;line-height&quot;:&quot;desktop:45px;&quot;}\">La nostra ciliegina sulla torta<\/div>\n<\/div>\n<\/div>\n<\/div>\n<p><\/div><\/div>[vc_column_text]<\/p>\n<p style=\"text-align: right;\">Essere partner vuol dire per noi che l\u2019obiettivo \u00e8 raggiunto solo quando ha successo il cliente e che fino a quel momento, ogni nostra migliore risorsa \u00e8 a sua disposizione. Per questo offriamo il nostro know-how anche con numerosi servizi di marketing e sviluppo vendite: tutti strumenti essenziali per supportare e favorire lo sviluppo del business dei nostri clienti. Nello specifico garantiamo:<\/p>\n<p style=\"text-align: right;\">\u2022 <strong>Formazione<\/strong> online e in loco dello staff per aumentare la loro competenza e conoscenza dei prodotti che vendono al pubblico.<br \/>\n\u2022 <strong>Preparazione di content digitale<\/strong> per suggerire l\u2019uso dei prodotti, incentivarne il consumo e diffonderne l\u2019immagine.<br \/>\n\u2022 <strong>Analisi delle vendite<\/strong> e negoziazione con i produttori delle <strong>promozioni commerciali<\/strong> per aumentare la rotazioni del prodotto.<br \/>\n\u2022 Organizzazione e<strong>venti di promozione<\/strong> con corsi di masterchef con cuochi professionisti in collaborazione con associazioni e consorzi.<\/p>\n<p>[\/vc_column_text][\/vc_column][\/vc_row][vc_row el_class=&#8221;content-newsletter text-center color-options-1 service-page&#8221; css=&#8221;.vc_custom_1589793777344{background-color: #212c33 !important;}&#8221;][vc_column el_class=&#8221;full-width-form&#8221;]<div id=\"ultimate-heading-29969e36dadb6a17\" class=\"uvc-heading ult-adjust-bottom-margin ultimate-heading-29969e36dadb6a17 uvc-4246 \" data-hspacer=\"no_spacer\"  data-halign=\"center\" style=\"text-align:center\"><div class=\"uvc-heading-spacer no_spacer\" style=\"top\"><\/div><div class=\"uvc-main-heading ult-responsive\"  data-ultimate-target='.uvc-heading.ultimate-heading-29969e36dadb6a17 h2'  data-responsive-json-new='{\"font-size\":\"desktop:28px;tablet:26px;tablet_portrait:26px;mobile_landscape:20px;mobile:20px;\",\"line-height\":\"desktop:30px;\"}' ><h2 style=\"font-family:&#039;Asap&#039;;font-weight:normal;font-style:normal;color:#ffffff;margin-top:15px;\">Vuoi ricevere aggiornamenti sulla nostra attivit\u00e0 e novit\u00e0riguardanti i nostri prodotti e servizi?<\/h2><\/div><div class=\"uvc-sub-heading ult-responsive\"  data-ultimate-target='.uvc-heading.ultimate-heading-29969e36dadb6a17 .uvc-sub-heading '  data-responsive-json-new='{\"font-size\":\"desktop:26px;tablet:24px;tablet_portrait:24px;mobile_landscape:18px;mobile:18px;\",\"line-height\":\"desktop:28px;\"}'  style=\"font-family:&#039;Asap&#039;;font-weight:normal;color:#ffffff;\">Iscriviti alla newsletter per essere sempre fra i primi a sapere cosa bolle in pentola.<\/div><\/div>[vc_row_inner el_class=&#8221;subscribe01&#8243;][vc_column_inner el_class=&#8221;full-width-form&#8221;]\n<div class=\"wpcf7 no-js\" id=\"wpcf7-f15-o1\" lang=\"it-IT\" dir=\"ltr\">\n<div class=\"screen-reader-response\"><p role=\"status\" aria-live=\"polite\" aria-atomic=\"true\"><\/p> <ul><\/ul><\/div>\n<form action=\"\/it\/wp-json\/wp\/v2\/pages\/3361#wpcf7-f15-o1\" method=\"post\" class=\"wpcf7-form init\" aria-label=\"Modulo di contatto\" novalidate=\"novalidate\" data-status=\"init\">\n<div style=\"display: none;\">\n<input type=\"hidden\" name=\"_wpcf7\" value=\"15\" \/>\n<input type=\"hidden\" name=\"_wpcf7_version\" value=\"5.8.6\" \/>\n<input type=\"hidden\" name=\"_wpcf7_locale\" value=\"it_IT\" \/>\n<input type=\"hidden\" name=\"_wpcf7_unit_tag\" value=\"wpcf7-f15-o1\" \/>\n<input type=\"hidden\" name=\"_wpcf7_container_post\" value=\"0\" \/>\n<input type=\"hidden\" name=\"_wpcf7_posted_data_hash\" value=\"\" \/>\n<\/div>\n<div class=\"row-float pad-top-large\">\n\t<p><span class=\"wpcf7-form-control-wrap\" data-name=\"email\"><input size=\"40\" class=\"wpcf7-form-control wpcf7-email wpcf7-validates-as-required wpcf7-text wpcf7-validates-as-email form-control\" aria-required=\"true\" aria-invalid=\"false\" placeholder=\"Your Email address\" value=\"\" type=\"email\" name=\"email\" \/><\/span><input class=\"wpcf7-form-control wpcf7-submit has-spinner btn btn-default hvr-back-pulse\" type=\"submit\" value=\"Subscribe now\" \/>\n\t<\/p>\n<\/div><div class=\"wpcf7-response-output\" aria-hidden=\"true\"><\/div>\n<\/form>\n<\/div>\n[\/vc_column_inner][\/vc_row_inner][\/vc_column][\/vc_row]<\/p>\n","protected":false},"excerpt":{"rendered":"<p>[vc_row][vc_column][\/vc_column][\/vc_row][vc_row css=&#8221;.vc_custom_1589791183918{background-color: #fafafa !important;}&#8221;][vc_column][vc_column_text] I prodotti freschi e le tipicit\u00e0 italiane sono, ovviamente, il nostro \u201cpane quotidiano\u201d ma la curiosit\u00e0 e la voglia di dare ai nostri clienti sempre qualcosa in pi\u00f9, ci hanno portato ad estendere la nostra offerta anche ad altri prodotti freschi provenienti dal bacino del mediterraneo. Con l\u2019obiettivo di fornire ai&#8230;<\/p>\n","protected":false},"author":1,"featured_media":0,"parent":0,"menu_order":0,"comment_status":"closed","ping_status":"closed","template":"","meta":{"footnotes":""},"_links":{"self":[{"href":"https:\/\/foodpartner.it\/it\/wp-json\/wp\/v2\/pages\/3361"}],"collection":[{"href":"https:\/\/foodpartner.it\/it\/wp-json\/wp\/v2\/pages"}],"about":[{"href":"https:\/\/foodpartner.it\/it\/wp-json\/wp\/v2\/types\/page"}],"author":[{"embeddable":true,"href":"https:\/\/foodpartner.it\/it\/wp-json\/wp\/v2\/users\/1"}],"replies":[{"embeddable":true,"href":"https:\/\/foodpartner.it\/it\/wp-json\/wp\/v2\/comments?post=3361"}],"version-history":[{"count":61,"href":"https:\/\/foodpartner.it\/it\/wp-json\/wp\/v2\/pages\/3361\/revisions"}],"predecessor-version":[{"id":5167,"href":"https:\/\/foodpartner.it\/it\/wp-json\/wp\/v2\/pages\/3361\/revisions\/5167"}],"wp:attachment":[{"href":"https:\/\/foodpartner.it\/it\/wp-json\/wp\/v2\/media?parent=3361"}],"curies":[{"name":"wp","href":"https:\/\/api.w.org\/{rel}","templated":true}]}}