
{"id":4332,"date":"2020-05-14T12:31:21","date_gmt":"2020-05-14T12:31:21","guid":{"rendered":"https:\/\/foodpartner.it\/test\/?page_id=4332"},"modified":"2020-09-09T12:50:16","modified_gmt":"2020-09-09T12:50:16","slug":"prodotti","status":"publish","type":"page","link":"https:\/\/foodpartner.it\/it\/prodotti\/","title":{"rendered":"Prodotti"},"content":{"rendered":"<p>[vc_row][vc_column][\/vc_column][\/vc_row][vc_row][vc_column width=&#8221;1\/2&#8243;]<div id=\"ultimate-heading-273269d622aadcb9d\" class=\"uvc-heading ult-adjust-bottom-margin ultimate-heading-273269d622aadcb9d uvc-4708 \" data-hspacer=\"no_spacer\"  data-halign=\"left\" style=\"text-align:left\"><div class=\"uvc-heading-spacer no_spacer\" style=\"top\"><\/div><div class=\"uvc-main-heading ult-responsive\"  data-ultimate-target='.uvc-heading.ultimate-heading-273269d622aadcb9d h2'  data-responsive-json-new='{\"font-size\":\"desktop:50px;tablet_portrait:20px;\",\"line-height\":\"desktop:45px;tablet_portrait:20px;\"}' ><h2 style=\"font-family:&#039;Asap&#039;;font-weight:600;color:#353535;\">I nostri<\/h2><\/div><div class=\"uvc-sub-heading ult-responsive\"  data-ultimate-target='.uvc-heading.ultimate-heading-273269d622aadcb9d .uvc-sub-heading '  data-responsive-json-new='{\"font-size\":\"desktop:70px;tablet_portrait:30px;\",\"line-height\":\"desktop:72px;tablet_portrait:36px;\"}'  style=\"font-family:&#039;Asap&#039;;font-weight:700;color:#353535;\">Prodotti<\/div><\/div>[\/vc_column][vc_column width=&#8221;1\/2&#8243;][vc_column_text]Il cuore della nostra offerta \u00e8 nei prodotti freschi, con temperatura di conservazione tra +2 e + 8\u00b0 C, e tipicamente mediterranei.<\/p>\n<p>Partiamo da un database che conta pi\u00f9 di 50 partner attivi, costantemente rivisto e aggiornato<strong>. <\/strong><\/p>\n<p>Arricchire il nostro portfolio anche con altre specialit\u00e0 \u00e8 una sfida che accogliamo con piacere e siamo sempre pronti a cercare nuovi prodotti particolari, anche su richiesta dei nostri clienti.[\/vc_column_text][\/vc_column][\/vc_row][vc_row css=&#8221;.vc_custom_1589462221028{padding-top: 80px !important;background-color: #fafafa !important;}&#8221;][vc_column width=&#8221;1\/4&#8243;][vc_hoverbox image=&#8221;4338&#8243; primary_title=&#8221;&#8221; hover_title=&#8221;Formaggi&#8221; hover_title_font_container=&#8221;font_size:20px|line_height:40px&#8221; hover_title_google_fonts=&#8221;font_family:Lato%3A100%2C100italic%2C300%2C300italic%2Cregular%2Citalic%2C700%2C700italic%2C900%2C900italic|font_style:900%20bold%20regular%3A900%3Anormal&#8221; hover_btn_title=&#8221;Scopri&#8221; hover_btn_style=&#8221;flat&#8221; hover_btn_color=&#8221;green&#8221; hover_btn_align=&#8221;center&#8221; use_custom_fonts_hover_title=&#8221;true&#8221; hover_add_button=&#8221;true&#8221; hover_btn_button_block=&#8221;true&#8221; hover_btn_link=&#8221;url:https%3A%2F%2Ffoodpartner.it%2Fformaggi%2F|title:Formaggi||&#8221;][\/vc_hoverbox][\/vc_column][vc_column width=&#8221;1\/4&#8243;][vc_hoverbox image=&#8221;4350&#8243; primary_title=&#8221;&#8221; hover_title=&#8221;Salumi&#8221; hover_title_font_container=&#8221;font_size:20px|line_height:40px&#8221; hover_title_google_fonts=&#8221;font_family:Lato%3A100%2C100italic%2C300%2C300italic%2Cregular%2Citalic%2C700%2C700italic%2C900%2C900italic|font_style:900%20bold%20regular%3A900%3Anormal&#8221; hover_btn_title=&#8221;Scopri&#8221; hover_btn_style=&#8221;flat&#8221; hover_btn_color=&#8221;green&#8221; hover_btn_align=&#8221;center&#8221; use_custom_fonts_hover_title=&#8221;true&#8221; hover_add_button=&#8221;true&#8221; hover_btn_button_block=&#8221;true&#8221; hover_btn_link=&#8221;url:https%3A%2F%2Ffoodpartner.it%2Fsalumi%2F|title:Salumi||&#8221;][\/vc_hoverbox][\/vc_column][vc_column width=&#8221;1\/4&#8243;][vc_hoverbox image=&#8221;4351&#8243; primary_title=&#8221;&#8221; hover_title=&#8221;Pasta fresca&#8221; hover_title_font_container=&#8221;font_size:20px|line_height:40px&#8221; hover_title_google_fonts=&#8221;font_family:Lato%3A100%2C100italic%2C300%2C300italic%2Cregular%2Citalic%2C700%2C700italic%2C900%2C900italic|font_style:900%20bold%20regular%3A900%3Anormal&#8221; hover_btn_title=&#8221;Scopri&#8221; hover_btn_style=&#8221;flat&#8221; hover_btn_color=&#8221;green&#8221; hover_btn_align=&#8221;center&#8221; use_custom_fonts_hover_title=&#8221;true&#8221; hover_add_button=&#8221;true&#8221; hover_btn_button_block=&#8221;true&#8221; hover_btn_link=&#8221;url:http%3A%2F%2Ffoodpartner.it%2Fpasta-fresca%2F|title:Pasta%20fresca||&#8221;][\/vc_hoverbox][\/vc_column][vc_column width=&#8221;1\/4&#8243;][vc_hoverbox image=&#8221;4352&#8243; primary_title=&#8221;&#8221; hover_title=&#8221;Salse&#8221; hover_title_font_container=&#8221;font_size:20px|line_height:40px&#8221; hover_title_google_fonts=&#8221;font_family:Lato%3A100%2C100italic%2C300%2C300italic%2Cregular%2Citalic%2C700%2C700italic%2C900%2C900italic|font_style:900%20bold%20regular%3A900%3Anormal&#8221; hover_btn_title=&#8221;Scopri&#8221; hover_btn_style=&#8221;flat&#8221; hover_btn_color=&#8221;green&#8221; hover_btn_align=&#8221;center&#8221; use_custom_fonts_hover_title=&#8221;true&#8221; hover_add_button=&#8221;true&#8221; hover_btn_button_block=&#8221;true&#8221; hover_btn_link=&#8221;url:https%3A%2F%2Ffoodpartner.it%2Fsalse-e-pesto%2F|title:Salse%20e%20pesto||&#8221;][\/vc_hoverbox][\/vc_column][\/vc_row][vc_row css=&#8221;.vc_custom_1589462160732{background-color: #fafafa !important;}&#8221;][vc_column width=&#8221;1\/4&#8243;][vc_hoverbox image=&#8221;4356&#8243; primary_title=&#8221;&#8221; hover_title=&#8221;Pesce&#8221; hover_title_font_container=&#8221;font_size:20px|line_height:40px&#8221; hover_title_google_fonts=&#8221;font_family:Lato%3A100%2C100italic%2C300%2C300italic%2Cregular%2Citalic%2C700%2C700italic%2C900%2C900italic|font_style:900%20bold%20regular%3A900%3Anormal&#8221; hover_btn_title=&#8221;Scopri&#8221; hover_btn_style=&#8221;flat&#8221; hover_btn_color=&#8221;green&#8221; hover_btn_align=&#8221;center&#8221; use_custom_fonts_hover_title=&#8221;true&#8221; hover_add_button=&#8221;true&#8221; hover_btn_button_block=&#8221;true&#8221; hover_btn_link=&#8221;url:https%3A%2F%2Ffoodpartner.it%2Fpesce%2F|title:Pesce||&#8221;][\/vc_hoverbox][\/vc_column][vc_column width=&#8221;1\/4&#8243;][vc_hoverbox image=&#8221;4357&#8243; primary_title=&#8221;&#8221; hover_title=&#8221;Verdure&#8221; hover_title_font_container=&#8221;font_size:20px|line_height:40px&#8221; hover_title_google_fonts=&#8221;font_family:Lato%3A100%2C100italic%2C300%2C300italic%2Cregular%2Citalic%2C700%2C700italic%2C900%2C900italic|font_style:900%20bold%20regular%3A900%3Anormal&#8221; hover_btn_title=&#8221;Scopri&#8221; hover_btn_style=&#8221;flat&#8221; hover_btn_color=&#8221;green&#8221; hover_btn_align=&#8221;center&#8221; use_custom_fonts_hover_title=&#8221;true&#8221; hover_add_button=&#8221;true&#8221; hover_btn_button_block=&#8221;true&#8221; hover_btn_link=&#8221;url:https%3A%2F%2Ffoodpartner.it%2Fverdure%2F|title:Verdure||&#8221;][\/vc_hoverbox][\/vc_column][vc_column width=&#8221;1\/4&#8243;][vc_hoverbox image=&#8221;4359&#8243; primary_title=&#8221;&#8221; hover_title=&#8221;Panna&#8221; hover_title_font_container=&#8221;font_size:20px|line_height:40px&#8221; hover_title_google_fonts=&#8221;font_family:Lato%3A100%2C100italic%2C300%2C300italic%2Cregular%2Citalic%2C700%2C700italic%2C900%2C900italic|font_style:900%20bold%20regular%3A900%3Anormal&#8221; hover_btn_title=&#8221;Scopri&#8221; hover_btn_style=&#8221;flat&#8221; hover_btn_color=&#8221;green&#8221; hover_btn_align=&#8221;center&#8221; use_custom_fonts_hover_title=&#8221;true&#8221; hover_add_button=&#8221;true&#8221; hover_btn_button_block=&#8221;true&#8221; hover_btn_link=&#8221;url:https%3A%2F%2Ffoodpartner.it%2Fpanna%2F|title:panna||&#8221;][\/vc_hoverbox][\/vc_column][vc_column width=&#8221;1\/4&#8243;][vc_hoverbox image=&#8221;4361&#8243; primary_title=&#8221;&#8221; hover_title=&#8221;Carne&#8221; hover_title_font_container=&#8221;font_size:20px|line_height:40px&#8221; hover_title_google_fonts=&#8221;font_family:Lato%3A100%2C100italic%2C300%2C300italic%2Cregular%2Citalic%2C700%2C700italic%2C900%2C900italic|font_style:900%20bold%20regular%3A900%3Anormal&#8221; hover_btn_title=&#8221;Scopri&#8221; hover_btn_style=&#8221;flat&#8221; hover_btn_color=&#8221;green&#8221; hover_btn_align=&#8221;center&#8221; use_custom_fonts_hover_title=&#8221;true&#8221; hover_add_button=&#8221;true&#8221; hover_btn_button_block=&#8221;true&#8221; hover_btn_link=&#8221;url:https%3A%2F%2Ffoodpartner.it%2Fcarne-fresca%2F|title:Carne%20fresca||&#8221;][\/vc_hoverbox][\/vc_column][\/vc_row][vc_row css=&#8221;.vc_custom_1589462160732{background-color: #fafafa !important;}&#8221;][vc_column width=&#8221;1\/4&#8243;][vc_hoverbox image=&#8221;4362&#8243; primary_title=&#8221;&#8221; hover_title=&#8221;Burro&#8221; hover_title_font_container=&#8221;font_size:20px|line_height:40px&#8221; hover_title_google_fonts=&#8221;font_family:Lato%3A100%2C100italic%2C300%2C300italic%2Cregular%2Citalic%2C700%2C700italic%2C900%2C900italic|font_style:900%20bold%20regular%3A900%3Anormal&#8221; hover_btn_title=&#8221;Scopri&#8221; hover_btn_style=&#8221;flat&#8221; hover_btn_color=&#8221;green&#8221; hover_btn_align=&#8221;center&#8221; use_custom_fonts_hover_title=&#8221;true&#8221; hover_add_button=&#8221;true&#8221; hover_btn_button_block=&#8221;true&#8221; hover_btn_link=&#8221;url:https%3A%2F%2Ffoodpartner.it%2Fburro%2F|title:Burro||&#8221;][\/vc_hoverbox][\/vc_column][vc_column width=&#8221;1\/4&#8243;][vc_hoverbox image=&#8221;4363&#8243; primary_title=&#8221;&#8221; hover_title=&#8221;Piatti pronti&#8221; hover_title_font_container=&#8221;font_size:20px|line_height:40px&#8221; hover_title_google_fonts=&#8221;font_family:Lato%3A100%2C100italic%2C300%2C300italic%2Cregular%2Citalic%2C700%2C700italic%2C900%2C900italic|font_style:900%20bold%20regular%3A900%3Anormal&#8221; hover_btn_title=&#8221;Scopri&#8221; hover_btn_style=&#8221;flat&#8221; hover_btn_color=&#8221;green&#8221; hover_btn_align=&#8221;center&#8221; use_custom_fonts_hover_title=&#8221;true&#8221; hover_add_button=&#8221;true&#8221; hover_btn_button_block=&#8221;true&#8221; hover_btn_link=&#8221;url:https%3A%2F%2Ffoodpartner.it%2Fpiatti-pronti%2F|title:Piatti%20pronti||&#8221;][\/vc_hoverbox][\/vc_column][vc_column width=&#8221;1\/4&#8243;][vc_hoverbox image=&#8221;4364&#8243; primary_title=&#8221;&#8221; hover_title=&#8221;Derivati pane&#8221; hover_title_font_container=&#8221;font_size:20px|line_height:40px&#8221; hover_title_google_fonts=&#8221;font_family:Lato%3A100%2C100italic%2C300%2C300italic%2Cregular%2Citalic%2C700%2C700italic%2C900%2C900italic|font_style:900%20bold%20regular%3A900%3Anormal&#8221; hover_btn_title=&#8221;Scopri&#8221; hover_btn_style=&#8221;flat&#8221; hover_btn_color=&#8221;green&#8221; hover_btn_align=&#8221;center&#8221; use_custom_fonts_hover_title=&#8221;true&#8221; hover_add_button=&#8221;true&#8221; hover_btn_button_block=&#8221;true&#8221; hover_btn_link=&#8221;url:https%3A%2F%2Ffoodpartner.it%2Fpane-e-derivati%2F|title:Pane%20e%20derivati||&#8221;][\/vc_hoverbox][\/vc_column][vc_column width=&#8221;1\/4&#8243;][vc_hoverbox image=&#8221;4382&#8243; primary_title=&#8221;&#8221; hover_title=&#8221;Yogurt&#8221; hover_title_font_container=&#8221;font_size:20px|line_height:40px&#8221; hover_title_google_fonts=&#8221;font_family:Lato%3A100%2C100italic%2C300%2C300italic%2Cregular%2Citalic%2C700%2C700italic%2C900%2C900italic|font_style:900%20bold%20regular%3A900%3Anormal&#8221; hover_btn_title=&#8221;Scopri&#8221; hover_btn_style=&#8221;flat&#8221; hover_btn_color=&#8221;green&#8221; hover_btn_align=&#8221;center&#8221; use_custom_fonts_hover_title=&#8221;true&#8221; hover_add_button=&#8221;true&#8221; hover_btn_button_block=&#8221;true&#8221; hover_btn_link=&#8221;url:https%3A%2F%2Ffoodpartner.it%2Fyogurt%2F|title:Yogurt||&#8221;][\/vc_hoverbox][\/vc_column][\/vc_row][vc_row css=&#8221;.vc_custom_1589462160732{background-color: #fafafa !important;}&#8221;][vc_column width=&#8221;1\/4&#8243;][vc_hoverbox image=&#8221;4383&#8243; primary_title=&#8221;&#8221; hover_title=&#8221;Dessert&#8221; hover_title_font_container=&#8221;font_size:20px|line_height:40px&#8221; hover_title_google_fonts=&#8221;font_family:Lato%3A100%2C100italic%2C300%2C300italic%2Cregular%2Citalic%2C700%2C700italic%2C900%2C900italic|font_style:900%20bold%20regular%3A900%3Anormal&#8221; hover_btn_title=&#8221;Scopri&#8221; hover_btn_style=&#8221;flat&#8221; hover_btn_color=&#8221;green&#8221; hover_btn_align=&#8221;center&#8221; use_custom_fonts_hover_title=&#8221;true&#8221; hover_add_button=&#8221;true&#8221; hover_btn_button_block=&#8221;true&#8221; hover_btn_link=&#8221;url:https%3A%2F%2Ffoodpartner.it%2Fdessert%2F|title:Dessert||&#8221;][\/vc_hoverbox][\/vc_column][vc_column width=&#8221;1\/4&#8243;][vc_hoverbox image=&#8221;4384&#8243; primary_title=&#8221;&#8221; hover_title=&#8221;Bevande fresche&#8221; hover_title_font_container=&#8221;font_size:20px|line_height:40px&#8221; hover_title_google_fonts=&#8221;font_family:Lato%3A100%2C100italic%2C300%2C300italic%2Cregular%2Citalic%2C700%2C700italic%2C900%2C900italic|font_style:900%20bold%20regular%3A900%3Anormal&#8221; hover_btn_title=&#8221;Scopri&#8221; hover_btn_style=&#8221;flat&#8221; hover_btn_color=&#8221;green&#8221; hover_btn_align=&#8221;center&#8221; use_custom_fonts_hover_title=&#8221;true&#8221; hover_add_button=&#8221;true&#8221; hover_btn_button_block=&#8221;true&#8221; hover_btn_link=&#8221;url:https%3A%2F%2Ffoodpartner.it%2Fbevande-fresche%2F|title:Bevande%20fresche||&#8221;][\/vc_hoverbox][\/vc_column][vc_column width=&#8221;1\/4&#8243;][\/vc_column][vc_column width=&#8221;1\/4&#8243;][\/vc_column][\/vc_row]<\/p>\n","protected":false},"excerpt":{"rendered":"<p>[vc_row][vc_column][\/vc_column][\/vc_row][vc_row][vc_column width=&#8221;1\/2&#8243;][\/vc_column][vc_column width=&#8221;1\/2&#8243;][vc_column_text]Il cuore della nostra offerta \u00e8 nei prodotti freschi, con temperatura di conservazione tra +2 e + 8\u00b0 C, e tipicamente mediterranei. Partiamo da un database che conta pi\u00f9 di 50 partner attivi, costantemente rivisto e aggiornato. Arricchire il nostro portfolio anche con altre specialit\u00e0 \u00e8 una sfida che accogliamo con piacere e&#8230;<\/p>\n","protected":false},"author":1,"featured_media":0,"parent":0,"menu_order":0,"comment_status":"closed","ping_status":"closed","template":"","meta":{"footnotes":""},"_links":{"self":[{"href":"https:\/\/foodpartner.it\/it\/wp-json\/wp\/v2\/pages\/4332"}],"collection":[{"href":"https:\/\/foodpartner.it\/it\/wp-json\/wp\/v2\/pages"}],"about":[{"href":"https:\/\/foodpartner.it\/it\/wp-json\/wp\/v2\/types\/page"}],"author":[{"embeddable":true,"href":"https:\/\/foodpartner.it\/it\/wp-json\/wp\/v2\/users\/1"}],"replies":[{"embeddable":true,"href":"https:\/\/foodpartner.it\/it\/wp-json\/wp\/v2\/comments?post=4332"}],"version-history":[{"count":50,"href":"https:\/\/foodpartner.it\/it\/wp-json\/wp\/v2\/pages\/4332\/revisions"}],"predecessor-version":[{"id":5279,"href":"https:\/\/foodpartner.it\/it\/wp-json\/wp\/v2\/pages\/4332\/revisions\/5279"}],"wp:attachment":[{"href":"https:\/\/foodpartner.it\/it\/wp-json\/wp\/v2\/media?parent=4332"}],"curies":[{"name":"wp","href":"https:\/\/api.w.org\/{rel}","templated":true}]}}