
{"id":4591,"date":"2020-05-26T08:47:23","date_gmt":"2020-05-26T08:47:23","guid":{"rendered":"https:\/\/foodpartner.it\/test\/?page_id=4591"},"modified":"2020-06-12T14:46:10","modified_gmt":"2020-06-12T14:46:10","slug":"salumi","status":"publish","type":"page","link":"https:\/\/foodpartner.it\/it\/salumi\/","title":{"rendered":"Salumi"},"content":{"rendered":"<p>[vc_row css=&#8221;.vc_custom_1589549082943{padding-top: 0px !important;}&#8221;][vc_column][\/vc_column][\/vc_row][vc_row css=&#8221;.vc_custom_1589548427662{padding-top: 0px !important;padding-bottom: 80px !important;}&#8221;][vc_column width=&#8221;2\/3&#8243;]<div id=\"ultimate-heading-669169f9fa65eeaa3\" class=\"uvc-heading ult-adjust-bottom-margin ultimate-heading-669169f9fa65eeaa3 uvc-8543 \" data-hspacer=\"no_spacer\"  data-halign=\"left\" style=\"text-align:left\"><div class=\"uvc-heading-spacer no_spacer\" style=\"top\"><\/div><div class=\"uvc-main-heading ult-responsive\"  data-ultimate-target='.uvc-heading.ultimate-heading-669169f9fa65eeaa3 h2'  data-responsive-json-new='{\"font-size\":\"desktop:70px;tablet_portrait:40px;\",\"line-height\":\"desktop:80px;tablet_portrait:46px;\"}' ><h2 style=\"font-family:&#039;Asap&#039;;font-weight:700;color:#353535;\">Salumi<\/h2><\/div><div class=\"uvc-sub-heading ult-responsive\"  data-ultimate-target='.uvc-heading.ultimate-heading-669169f9fa65eeaa3 .uvc-sub-heading '  data-responsive-json-new='{\"font-size\":\"desktop:30px;tablet_portrait:30px;\",\"line-height\":\"desktop:35px;tablet_portrait:36px;\"}'  style=\"font-family:&#039;Asap&#039;;font-weight:600;color:#353535;margin-top:20px;\"><strong>\u201cBologna \u00e8 famosa per papi, pittori e salsicce.\u201d (Lord Byron)<\/strong><\/div><\/div>[vc_empty_space][vc_column_text]Per noi italiani quella dei salumi e degli affettati \u00e8 molto pi\u00f9 che una tradizione gastronomica: \u00e8 un patrimonio, spesso familiare, che ha a che fare con la passione, con l\u2019ospitalit\u00e0 pi\u00f9 genuina e con la capacit\u00e0 di gustare la vita. E\u2019 con grande orgoglio che in Foodpartner ci occupiamo di selezionare ed esportare numerose variet\u00e0 di questo cibo prezioso. Il territorio italiano vanta pi\u00f9 di 250 differenti variet\u00e0 tra salumi e affettati, molti estremamente noti e consumati in tutto il mondo, altri pi\u00f9 \u201cdi nicchia\u201d e conosciuti a livello regionale. Grazie a profondi legami con aziende leader in questo settore, siamo in grado di fornire un\u2019ampia gamma, in formati adatti sia al canale HORECA che a quello Retail.[\/vc_column_text][vc_row_inner][vc_column_inner width=&#8221;1\/3&#8243;][vc_single_image image=&#8221;5021&#8243; style=&#8221;vc_box_rounded&#8221;][\/vc_column_inner][vc_column_inner width=&#8221;1\/3&#8243;][vc_single_image image=&#8221;5017&#8243; style=&#8221;vc_box_rounded&#8221;][\/vc_column_inner][vc_column_inner width=&#8221;1\/3&#8243;][vc_single_image image=&#8221;5019&#8243; style=&#8221;vc_box_rounded&#8221;][\/vc_column_inner][\/vc_row_inner][\/vc_column][vc_column width=&#8221;1\/3&#8243;][vc_tta_accordion color=&#8221;white&#8221; active_section=&#8221;1&#8243; no_fill=&#8221;true&#8221;][vc_tta_section title=&#8221;La nostra offerta&#8221; tab_id=&#8221;1589468595941-32117ed4-7700&#8243;][vc_column_text]BRESAOLA<\/p>\n<p>CICCIOLI<\/p>\n<p>COPPA<\/p>\n<p>COPPA DI TESTA<\/p>\n<p>CULATELLO<\/p>\n<p>LARDO<\/p>\n<p>MORTADELLA<\/p>\n<p>PANCETTA<\/p>\n<p>PROSCIUTTO<\/p>\n<p>ARROSTO<\/p>\n<p>PROSCIUTTO COTTO[\/vc_column_text][\/vc_tta_section][vc_tta_section title=&#8221;Altre tipologie&#8221; tab_id=&#8221;1589536380022-05e4d5d9-931b&#8221;][vc_column_text]PROSCIUTTO CRUDO<\/p>\n<p>SALAME<\/p>\n<p>SALAME MILANO<\/p>\n<p>SALAME NAPOLI<\/p>\n<p>SALAMINI<\/p>\n<p>SALSICCIA<\/p>\n<p>SPALLA DI MAIALE<\/p>\n<p>SPECK<\/p>\n<p>SPIANATA PICCANTE<\/p>\n<p>WURSTEL<\/p>\n<p>[\/vc_column_text][\/vc_tta_section][\/vc_tta_accordion][\/vc_column][\/vc_row][vc_row css=&#8221;.vc_custom_1589553234363{background-color: #212c33 !important;}&#8221;][vc_column width=&#8221;1\/2&#8243;]<div id=\"ultimate-heading-291369f9fa65eeb17\" class=\"uvc-heading ult-adjust-bottom-margin ultimate-heading-291369f9fa65eeb17 uvc-5014 \" data-hspacer=\"no_spacer\"  data-halign=\"left\" style=\"text-align:left\"><div class=\"uvc-heading-spacer no_spacer\" style=\"top\"><\/div><div class=\"uvc-main-heading ult-responsive\"  data-ultimate-target='.uvc-heading.ultimate-heading-291369f9fa65eeb17 h2'  data-responsive-json-new='{\"font-size\":\"desktop:70px;tablet_portrait:40px;\",\"line-height\":\"desktop:80px;tablet_portrait:46px;\"}' ><h2 style=\"font-family:&#039;Asap&#039;;font-weight:700;color:#929da4;margin-top:20px;\">Contattaci<\/h2><\/div><\/div>[\/vc_column][vc_column width=&#8221;1\/2&#8243; css=&#8221;.vc_custom_1589553494898{padding-top: 20px !important;}&#8221;][vc_column_text]<span style=\"color: #929da4;\">Abbiamo stuzzicato il tuo appetito? Allora contattaci per capire cosa possiamo fare per te e quali soluzioni potranno darti il miglior risultato. Ti baster\u00e0 raccontarci attivit\u00e0 ed esigenze della tua azienda e saremo in grado di illustrarti un percorso per arrivare ad un\u2019offerta su misura per te.<\/span>[\/vc_column_text][\/vc_column][\/vc_row][vc_row css=&#8221;.vc_custom_1589553542842{background-color: #212c33 !important;}&#8221;][vc_column]\n<div class=\"wpcf7 no-js\" id=\"wpcf7-f19-o1\" lang=\"it-IT\" dir=\"ltr\">\n<div class=\"screen-reader-response\"><p role=\"status\" aria-live=\"polite\" aria-atomic=\"true\"><\/p> <ul><\/ul><\/div>\n<form action=\"\/it\/wp-json\/wp\/v2\/pages\/4591#wpcf7-f19-o1\" method=\"post\" class=\"wpcf7-form init\" aria-label=\"Modulo di contatto\" novalidate=\"novalidate\" data-status=\"init\">\n<div style=\"display: none;\">\n<input type=\"hidden\" name=\"_wpcf7\" value=\"19\" \/>\n<input type=\"hidden\" name=\"_wpcf7_version\" value=\"5.8.6\" \/>\n<input type=\"hidden\" name=\"_wpcf7_locale\" value=\"it_IT\" \/>\n<input type=\"hidden\" name=\"_wpcf7_unit_tag\" value=\"wpcf7-f19-o1\" \/>\n<input type=\"hidden\" name=\"_wpcf7_container_post\" value=\"0\" \/>\n<input type=\"hidden\" name=\"_wpcf7_posted_data_hash\" value=\"\" \/>\n<\/div>\n<div class=\"pad-top-large about-contact\">\n\t<div class=\"row\">\n\t\t<div class=\"col-md-6 form-group\">\n\t\t\t<p><span class=\"wpcf7-form-control-wrap\" data-name=\"azienda\"><input size=\"40\" class=\"wpcf7-form-control wpcf7-text wpcf7-validates-as-required form-control input-lg\" aria-required=\"true\" aria-invalid=\"false\" placeholder=\"Azienda\" value=\"\" type=\"text\" name=\"azienda\" \/><\/span>\n\t\t\t<\/p>\n\t\t<\/div>\n\t\t<div class=\"col-md-6 form-group\">\n\t\t\t<p><span class=\"wpcf7-form-control-wrap\" data-name=\"your-email\"><input size=\"40\" class=\"wpcf7-form-control wpcf7-email wpcf7-validates-as-required wpcf7-text wpcf7-validates-as-email form-control input-lg\" aria-required=\"true\" aria-invalid=\"false\" placeholder=\"Email\" value=\"\" type=\"email\" name=\"your-email\" \/><\/span>\n\t\t\t<\/p>\n\t\t<\/div>\n\t<\/div>\n\t<div class=\"row\">\n\t\t<div class=\"form-group col-md-6\">\n\t\t\t<p><span class=\"wpcf7-form-control-wrap\" data-name=\"nome\"><input size=\"40\" class=\"wpcf7-form-control wpcf7-text form-control input-lg\" aria-invalid=\"false\" placeholder=\"Nome\" value=\"\" type=\"text\" name=\"nome\" \/><\/span>\n\t\t\t<\/p>\n\t\t<\/div>\n\t\t<div class=\"form-group col-md-6\">\n\t\t\t<p><span class=\"wpcf7-form-control-wrap\" data-name=\"cognome\"><input size=\"40\" class=\"wpcf7-form-control wpcf7-text form-control input-lg\" aria-invalid=\"false\" placeholder=\"Cognome\" value=\"\" type=\"text\" name=\"cognome\" \/><\/span>\n\t\t\t<\/p>\n\t\t<\/div>\n\t<\/div>\n\t<div class=\"row\">\n\t\t<div class=\"form-group col-md-6\" style=\"padding-bottom:30px;padding-top:15px;border-radius: 6px;\">\n\t\t\t<p><span class=\"wpcf7-form-control-wrap\" data-name=\"nazionalita\"><select class=\"wpcf7-form-control wpcf7-select form-control input-lg\" aria-invalid=\"false\" name=\"nazionalita\"><option value=\"La tua nazionalit\u00e0\">La tua nazionalit\u00e0<\/option><option value=\"Afghanistan\">Afghanistan<\/option><option value=\"Albania\">Albania<\/option><option value=\"Algeria\">Algeria<\/option><option value=\"Andorra\">Andorra<\/option><option value=\"Angola\">Angola<\/option><option value=\"Anguilla\">Anguilla<\/option><option value=\"Antartide\">Antartide<\/option><option value=\"Antigua e Barbuda\">Antigua e Barbuda<\/option><option value=\"Arabia Saudita\">Arabia Saudita<\/option><option value=\"Argentina\">Argentina<\/option><option value=\"Armenia\">Armenia<\/option><option value=\"Aruba\">Aruba<\/option><option value=\"Australia\">Australia<\/option><option value=\"Austria\">Austria<\/option><option value=\"Azerbaigian\">Azerbaigian<\/option><option value=\"Bahamas\">Bahamas<\/option><option value=\"Bahrein\">Bahrein<\/option><option value=\"Bangladesh\">Bangladesh<\/option><option value=\"Barbados\">Barbados<\/option><option value=\"Belgio\">Belgio<\/option><option value=\"Belize\">Belize<\/option><option value=\"Benin\">Benin<\/option><option value=\"Bermuda\">Bermuda<\/option><option value=\"Bhutan\">Bhutan<\/option><option value=\"Bielorussia\">Bielorussia<\/option><option value=\"Birmania\">Birmania<\/option><option value=\"Bolivia\">Bolivia<\/option><option value=\"Bosnia ed Erzegovina\">Bosnia ed Erzegovina<\/option><option value=\"Botswana\">Botswana<\/option><option value=\"Brasile\">Brasile<\/option><option value=\"Brunei\">Brunei<\/option><option value=\"Bulgaria\">Bulgaria<\/option><option value=\"Burkina Faso\">Burkina Faso<\/option><option value=\"Burundi\">Burundi<\/option><option value=\"Cambogia\">Cambogia<\/option><option value=\"Camerun\">Camerun<\/option><option value=\"Canada\">Canada<\/option><option value=\"Capo Verde\">Capo Verde<\/option><option value=\"Ciad\">Ciad<\/option><option value=\"Cile\">Cile<\/option><option value=\"Cina\">Cina<\/option><option value=\"Cipro\">Cipro<\/option><option value=\"Citt\">Citt<\/option><option value=\"Colombia\">Colombia<\/option><option value=\"Comore\">Comore<\/option><option value=\"Corea del Nord\">Corea del Nord<\/option><option value=\"Corea del Sud\">Corea del Sud<\/option><option value=\"Costa d&#039;Avorio\">Costa d&#039;Avorio<\/option><option value=\"Costa Rica\">Costa Rica<\/option><option value=\"Croazia\">Croazia<\/option><option value=\"Cuba\">Cuba<\/option><option value=\"Cura\">Cura<\/option><option value=\"Danimarca\">Danimarca<\/option><option value=\"Dominica\">Dominica<\/option><option value=\"Ecuador\">Ecuador<\/option><option value=\"Egitto\">Egitto<\/option><option value=\"El Salvador\">El Salvador<\/option><option value=\"Emirati Arabi Uniti\">Emirati Arabi Uniti<\/option><option value=\"Eritrea\">Eritrea<\/option><option value=\"Estonia\">Estonia<\/option><option value=\"Etiopia\">Etiopia<\/option><option value=\"Figi\">Figi<\/option><option value=\"Filippine\">Filippine<\/option><option value=\"Finlandia\">Finlandia<\/option><option value=\"Francia\">Francia<\/option><option value=\"Gabon\">Gabon<\/option><option value=\"Gambia\">Gambia<\/option><option value=\"Georgia\">Georgia<\/option><option value=\"Georgia del Sud e isole Sandwich meridionali\">Georgia del Sud e isole Sandwich meridionali<\/option><option value=\"Germania\">Germania<\/option><option value=\"Ghana\">Ghana<\/option><option value=\"Giamaica\">Giamaica<\/option><option value=\"Giappone\">Giappone<\/option><option value=\"Gibilterra\">Gibilterra<\/option><option value=\"Gibuti\">Gibuti<\/option><option value=\"Giordania\">Giordania<\/option><option value=\"Grecia\">Grecia<\/option><option value=\"Grenada\">Grenada<\/option><option value=\"Groenlandia\">Groenlandia<\/option><option value=\"Guadalupa\">Guadalupa<\/option><option value=\"Guam\">Guam<\/option><option value=\"Guatemala\">Guatemala<\/option><option value=\"Guernsey\">Guernsey<\/option><option value=\"Guinea\">Guinea<\/option><option value=\"Guinea-Bissau\">Guinea-Bissau<\/option><option value=\"Guinea Equatoriale\">Guinea Equatoriale<\/option><option value=\"Guyana\">Guyana<\/option><option value=\"Guyana francese\">Guyana francese<\/option><option value=\"Haiti\">Haiti<\/option><option value=\"Honduras\">Honduras<\/option><option value=\"Hong Kong\">Hong Kong<\/option><option value=\"India\">India<\/option><option value=\"Indonesia\">Indonesia<\/option><option value=\"Iran\">Iran<\/option><option value=\"Iraq\">Iraq<\/option><option value=\"Irlanda\">Irlanda<\/option><option value=\"Islanda\">Islanda<\/option><option value=\"Isola Bouvet\">Isola Bouvet<\/option><option value=\"Isola di Man\">Isola di Man<\/option><option value=\"Isola di Natale\">Isola di Natale<\/option><option value=\"Isola Norfolk\">Isola Norfolk<\/option><option value=\"Isole\">Isole<\/option><option value=\"Isole BES\">Isole BES<\/option><option value=\"Isole Cayman\">Isole Cayman<\/option><option value=\"Isole Cocos (Keeling)\">Isole Cocos (Keeling)<\/option><option value=\"Isole Cook\">Isole Cook<\/option><option value=\"F\">F<\/option><option value=\"Isole Falkland\">Isole Falkland<\/option><option value=\"Isole Heard e McDonald\">Isole Heard e McDonald<\/option><option value=\"Isole Marianne Settentrionali\">Isole Marianne Settentrionali<\/option><option value=\"Isole Marshall\">Isole Marshall<\/option><option value=\"Isole minori esterne degli Stati Uniti\">Isole minori esterne degli Stati Uniti<\/option><option value=\"Isole Pitcairn\">Isole Pitcairn<\/option><option value=\"Isole Salomone\">Isole Salomone<\/option><option value=\"Isole Vergini britanniche\">Isole Vergini britanniche<\/option><option value=\"Isole Vergini americane\">Isole Vergini americane<\/option><option value=\"Israele\">Israele<\/option><option value=\"Italia\">Italia<\/option><option value=\"Jersey\">Jersey<\/option><option value=\"Kazakistan\">Kazakistan<\/option><option value=\"Kenya\">Kenya<\/option><option value=\"Kirghizistan\">Kirghizistan<\/option><option value=\"Kiribati\">Kiribati<\/option><option value=\"Kuwait\">Kuwait<\/option><option value=\"Laos\">Laos<\/option><option value=\"Lesotho\">Lesotho<\/option><option value=\"Lettonia\">Lettonia<\/option><option value=\"Libano\">Libano<\/option><option value=\"Liberia\">Liberia<\/option><option value=\"Libia\">Libia<\/option><option value=\"Liechtenstein\">Liechtenstein<\/option><option value=\"Lituania\">Lituania<\/option><option value=\"Lussemburgo\">Lussemburgo<\/option><option value=\"Macao\">Macao<\/option><option value=\"Macedonia\">Macedonia<\/option><option value=\"Madagascar\">Madagascar<\/option><option value=\"Malawi\">Malawi<\/option><option value=\"Malesia\">Malesia<\/option><option value=\"Maldive\">Maldive<\/option><option value=\"Mali\">Mali<\/option><option value=\"Malta\">Malta<\/option><option value=\"Marocco\">Marocco<\/option><option value=\"Martinica\">Martinica<\/option><option value=\"Mauritania\">Mauritania<\/option><option value=\"Mauritius\">Mauritius<\/option><option value=\"Mayotte\">Mayotte<\/option><option value=\"Messico\">Messico<\/option><option value=\"Micronesia\">Micronesia<\/option><option value=\"Moldavia\">Moldavia<\/option><option value=\"Mongolia\">Mongolia<\/option><option value=\"Montenegro\">Montenegro<\/option><option value=\"Montserrat\">Montserrat<\/option><option value=\"Mozambico\">Mozambico<\/option><option value=\"Namibia\">Namibia<\/option><option value=\"Nauru\">Nauru<\/option><option value=\"Nepal\">Nepal<\/option><option value=\"Nicaragua\">Nicaragua<\/option><option value=\"Niger\">Niger<\/option><option value=\"Nigeria\">Nigeria<\/option><option value=\"Niue\">Niue<\/option><option value=\"Norvegia\">Norvegia<\/option><option value=\"Nuova Caledonia\">Nuova Caledonia<\/option><option value=\"Nuova Zelanda\">Nuova Zelanda<\/option><option value=\"Oman\">Oman<\/option><option value=\"Paesi Bassi\">Paesi Bassi<\/option><option value=\"Pakistan\">Pakistan<\/option><option value=\"Palau\">Palau<\/option><option value=\"Palestina\">Palestina<\/option><option value=\"Panam\">Panam<\/option><option value=\"Papua Nuova Guinea\">Papua Nuova Guinea<\/option><option value=\"Paraguay\">Paraguay<\/option><option value=\"Per\">Per<\/option><option value=\"Polinesia Francese\">Polinesia Francese<\/option><option value=\"Polonia\">Polonia<\/option><option value=\"Porto Rico\">Porto Rico<\/option><option value=\"Portogallo\">Portogallo<\/option><option value=\"Monaco\">Monaco<\/option><option value=\"Qatar\">Qatar<\/option><option value=\"Regno Unito\">Regno Unito<\/option><option value=\"RD del Congo\">RD del Congo<\/option><option value=\"Rep. Ceca\">Rep. Ceca<\/option><option value=\"Rep. Centrafricana\">Rep. Centrafricana<\/option><option value=\"Rep. del Congo\">Rep. del Congo<\/option><option value=\"Rep. Dominicana\">Rep. Dominicana<\/option><option value=\"Riunione\">Riunione<\/option><option value=\"Romania\">Romania<\/option><option value=\"Ruanda\">Ruanda<\/option><option value=\"Russia\">Russia<\/option><option value=\"Sahara Occidentale\">Sahara Occidentale<\/option><option value=\"Saint Kitts e Nevis\">Saint Kitts e Nevis<\/option><option value=\"Santa Lucia\">Santa Lucia<\/option><option value=\"Sant&#039;Elena, Ascensione e Tristan da Cunha\">Sant&#039;Elena, Ascensione e Tristan da Cunha<\/option><option value=\"Saint Vincent e Grenadine\">Saint Vincent e Grenadine<\/option><option value=\"Saint-Barth\">Saint-Barth<\/option><option value=\"Saint-Martin\">Saint-Martin<\/option><option value=\"Saint-Pierre e Miquelon\">Saint-Pierre e Miquelon<\/option><option value=\"Samoa\">Samoa<\/option><option value=\"Samoa Americane\">Samoa Americane<\/option><option value=\"San Marino\">San Marino<\/option><option value=\"S\">S<\/option><option value=\"Senegal\">Senegal<\/option><option value=\"Serbia\">Serbia<\/option><option value=\"Seychelles\">Seychelles<\/option><option value=\"Sierra Leone\">Sierra Leone<\/option><option value=\"Singapore\">Singapore<\/option><option value=\"Sint Maarten\">Sint Maarten<\/option><option value=\"Siria\">Siria<\/option><option value=\"Slovacchia\">Slovacchia<\/option><option value=\"Slovenia\">Slovenia<\/option><option value=\"Somalia\">Somalia<\/option><option value=\"Spagna\">Spagna<\/option><option value=\"Sri Lanka\">Sri Lanka<\/option><option value=\"Stati Uniti\">Stati Uniti<\/option><option value=\"Sudafrica\">Sudafrica<\/option><option value=\"Sudan\">Sudan<\/option><option value=\"Sudan del Sud\">Sudan del Sud<\/option><option value=\"Suriname\">Suriname<\/option><option value=\"Svalbard e Jan Mayen\">Svalbard e Jan Mayen<\/option><option value=\"Svezia\">Svezia<\/option><option value=\"Svizzera\">Svizzera<\/option><option value=\"Swaziland\">Swaziland<\/option><option value=\"Taiwan\">Taiwan<\/option><option value=\"Tagikistan\">Tagikistan<\/option><option value=\"Tanzania\">Tanzania<\/option><option value=\"Terre australi e antartiche francesi\">Terre australi e antartiche francesi<\/option><option value=\"Territorio britannico dell&#039;oceano Indiano\">Territorio britannico dell&#039;oceano Indiano<\/option><option value=\"Thailandia\">Thailandia<\/option><option value=\"Timor Est\">Timor Est<\/option><option value=\"Togo\">Togo<\/option><option value=\"Tokelau\">Tokelau<\/option><option value=\"Tonga\">Tonga<\/option><option value=\"Trinidad e Tobago\">Trinidad e Tobago<\/option><option value=\"Tunisia\">Tunisia<\/option><option value=\"Turchia\">Turchia<\/option><option value=\"Turkmenistan\">Turkmenistan<\/option><option value=\"Turks e Caicos\">Turks e Caicos<\/option><option value=\"Tuvalu\">Tuvalu<\/option><option value=\"Ucraina\">Ucraina<\/option><option value=\"Uganda\">Uganda<\/option><option value=\"Ungheria\">Ungheria<\/option><option value=\"Uruguay\">Uruguay<\/option><option value=\"Uzbekistan\">Uzbekistan<\/option><option value=\"Vanuatu\">Vanuatu<\/option><option value=\"Venezuela\">Venezuela<\/option><option value=\"Vietnam\">Vietnam<\/option><option value=\"Wallis e Futuna\">Wallis e Futuna<\/option><option value=\"Yemen\">Yemen<\/option><option value=\"Zambia\">Zambia<\/option><option value=\"Zimbabwe\">Zimbabwe<\/option><\/select><\/span>\n\t\t\t<\/p>\n\t\t<\/div>\n\t<\/div>\n\t<div class=\"row\">\n\t\t<div class=\"form-group col-md-6\" style=\"padding-bottom:30px;border-radius: 6px;\">\n\t\t\t<p><span class=\"wpcf7-form-control-wrap\" data-name=\"richiesta\"><select class=\"wpcf7-form-control wpcf7-select form-control input-lg\" aria-invalid=\"false\" name=\"richiesta\"><option value=\"Come possiamo aiutarti?\">Come possiamo aiutarti?<\/option><option value=\"Richiesta informazioni\">Richiesta informazioni<\/option><option value=\"Richiesta quotazione\">Richiesta quotazione<\/option><option value=\"Proposta di assortimento\">Proposta di assortimento<\/option><option value=\"Richieste logistiche\">Richieste logistiche<\/option><option value=\"Altro\">Altro<\/option><\/select><\/span>\n\t\t\t<\/p>\n\t\t<\/div>\n\t\t<div class=\"form-group col-md-6\" style=\"padding-bottom:15px;border-radius: 6px;\">\n\t\t\t<p><span class=\"wpcf7-form-control-wrap\" data-name=\"occupazione\"><select class=\"wpcf7-form-control wpcf7-select form-control input-lg\" aria-invalid=\"false\" name=\"occupazione\"><option value=\"Di cosa ti occupi?\">Di cosa ti occupi?<\/option><option value=\"Buyer\">Buyer<\/option><option value=\"Responsabile logistico\">Responsabile logistico<\/option><option value=\"Potenziale fornitore\">Potenziale fornitore<\/option><option value=\"Altro\">Altro<\/option><\/select><\/span>\n\t\t\t<\/p>\n\t\t<\/div>\n\t\t<div class=\"form-group col-md-6\">\n\t\t\t<p><span class=\"wpcf7-form-control-wrap\" data-name=\"messaggio\"><input size=\"40\" class=\"wpcf7-form-control wpcf7-text form-control input-lg\" aria-invalid=\"false\" placeholder=\"Messaggio\" value=\"\" type=\"text\" name=\"messaggio\" \/><\/span>\n\t\t\t<\/p>\n\t\t<\/div>\n\t<\/div>\n\t<p><span class=\"wpcf7-form-control-wrap\" data-name=\"acceptance-802\"><span class=\"wpcf7-form-control wpcf7-acceptance optional\"><span class=\"wpcf7-list-item\"><label><input type=\"checkbox\" name=\"acceptance-802\" value=\"1\" aria-invalid=\"false\" \/><span class=\"wpcf7-list-item-label\">Voglio iscrivermi alla newsletter<\/span><\/label><\/span><\/span><\/span><br \/>\n<span class=\"wpcf7-form-control-wrap\" data-name=\"acceptance-423\"><span class=\"wpcf7-form-control wpcf7-acceptance optional\"><span class=\"wpcf7-list-item\"><label><input type=\"checkbox\" name=\"acceptance-423\" value=\"1\" aria-invalid=\"false\" \/><span class=\"wpcf7-list-item-label\">dichiaro di aver preso visione dell\u2019<a href=\"https:\/\/foodpartner.it\/it\/privacy-policy\/\" target=\"blank\" title=\"Privacy Policy \">informativa<\/a> resa ai sensi dell\u2019art 13 del Regolamento UE 679\/2016<\/span><\/label><\/span><\/span><\/span>\n\t<\/p>\n\t<div class=\"form-group text-center btn-wrap\">\n\t\t<p><input class=\"wpcf7-form-control wpcf7-submit has-spinner btn btn-lg btn-primary btn-contact hvr-shutter-out-vertical\" type=\"submit\" value=\"Invia\" \/>\n\t\t<\/p>\n\t<\/div>\n<\/div><div class=\"wpcf7-response-output\" aria-hidden=\"true\"><\/div>\n<\/form>\n<\/div>\n[\/vc_column][\/vc_row]<\/p>\n","protected":false},"excerpt":{"rendered":"<p>[vc_row css=&#8221;.vc_custom_1589549082943{padding-top: 0px !important;}&#8221;][vc_column][\/vc_column][\/vc_row][vc_row css=&#8221;.vc_custom_1589548427662{padding-top: 0px !important;padding-bottom: 80px !important;}&#8221;][vc_column width=&#8221;2\/3&#8243;][vc_empty_space][vc_column_text]Per noi italiani quella dei salumi e degli affettati \u00e8 molto pi\u00f9 che una tradizione gastronomica: \u00e8 un patrimonio, spesso familiare, che ha a che fare con la passione, con l\u2019ospitalit\u00e0 pi\u00f9 genuina e con la capacit\u00e0 di gustare la vita. E\u2019 con grande orgoglio che&#8230;<\/p>\n","protected":false},"author":4,"featured_media":0,"parent":0,"menu_order":0,"comment_status":"closed","ping_status":"closed","template":"","meta":{"footnotes":""},"_links":{"self":[{"href":"https:\/\/foodpartner.it\/it\/wp-json\/wp\/v2\/pages\/4591"}],"collection":[{"href":"https:\/\/foodpartner.it\/it\/wp-json\/wp\/v2\/pages"}],"about":[{"href":"https:\/\/foodpartner.it\/it\/wp-json\/wp\/v2\/types\/page"}],"author":[{"embeddable":true,"href":"https:\/\/foodpartner.it\/it\/wp-json\/wp\/v2\/users\/4"}],"replies":[{"embeddable":true,"href":"https:\/\/foodpartner.it\/it\/wp-json\/wp\/v2\/comments?post=4591"}],"version-history":[{"count":8,"href":"https:\/\/foodpartner.it\/it\/wp-json\/wp\/v2\/pages\/4591\/revisions"}],"predecessor-version":[{"id":5052,"href":"https:\/\/foodpartner.it\/it\/wp-json\/wp\/v2\/pages\/4591\/revisions\/5052"}],"wp:attachment":[{"href":"https:\/\/foodpartner.it\/it\/wp-json\/wp\/v2\/media?parent=4591"}],"curies":[{"name":"wp","href":"https:\/\/api.w.org\/{rel}","templated":true}]}}